{"id":3557,"date":"2024-01-19T19:10:35","date_gmt":"2024-01-19T18:10:35","guid":{"rendered":"https:\/\/jonathan-lhuillier.fr\/graphiste\/?page_id=3557"},"modified":"2025-06-30T20:30:19","modified_gmt":"2025-06-30T18:30:19","slug":"jonathan-lhuillier-graphiste-independant","status":"publish","type":"page","link":"https:\/\/jonathan-lhuillier.fr\/graphiste\/","title":{"rendered":"Jonathan Lhuillier \u2013 Graphiste Litt\u00e9raire"},"content":{"rendered":"\t\t<div data-elementor-type=\"wp-page\" data-elementor-id=\"3557\" class=\"elementor elementor-3557\">\n\t\t\t\t\t\t<section class=\"elementor-section elementor-top-section elementor-element elementor-element-3e6d6c1 elementor-section-content-middle elementor-section-boxed elementor-section-height-default elementor-section-height-default\" data-id=\"3e6d6c1\" data-element_type=\"section\" data-e-type=\"section\" data-settings=\"{&quot;animation&quot;:&quot;none&quot;,&quot;background_background&quot;:&quot;classic&quot;,&quot;tmea_shape_divider_top&quot;:&quot;none&quot;,&quot;tmea_shape_divider_bottom&quot;:&quot;none&quot;}\">\n\t\t\t\t\t\t<div class=\"elementor-container elementor-column-gap-no\">\n\t\t\t\t\t<div class=\"elementor-column elementor-col-100 elementor-top-column elementor-element elementor-element-b795cb7\" data-id=\"b795cb7\" data-element_type=\"column\" data-e-type=\"column\">\n\t\t\t<div class=\"elementor-widget-wrap elementor-element-populated\">\n\t\t\t\t\t\t<section class=\"elementor-section elementor-inner-section elementor-element elementor-element-783058e elementor-section-content-middle elementor-section-boxed elementor-section-height-default elementor-section-height-default\" data-id=\"783058e\" data-element_type=\"section\" data-e-type=\"section\" data-settings=\"{&quot;tmea_shape_divider_top&quot;:&quot;none&quot;,&quot;tmea_shape_divider_bottom&quot;:&quot;none&quot;}\">\n\t\t\t\t\t\t<div class=\"elementor-container elementor-column-gap-default\">\n\t\t\t\t\t<div class=\"elementor-column elementor-col-100 elementor-inner-column elementor-element elementor-element-d19280b\" data-id=\"d19280b\" data-element_type=\"column\" data-e-type=\"column\">\n\t\t\t<div class=\"elementor-widget-wrap elementor-element-populated\">\n\t\t\t\t\t\t<div class=\"elementor-element elementor-element-00dc069 elementor-widget elementor-widget-image\" data-id=\"00dc069\" data-element_type=\"widget\" data-e-type=\"widget\" data-widget_type=\"image.default\">\n\t\t\t\t<div class=\"elementor-widget-container\">\n\t\t\t\t\t\t\t\t\t\t\t\t\t\t\t<img decoding=\"async\" src=\"https:\/\/jonathan-lhuillier.fr\/graphiste\/wp-content\/uploads\/elementor\/thumbs\/JonathanLhuillier-Litteraire-r658jxaz2yuq5in372o4lk03paogeby6vcq4msonb4.png\" title=\"JonathanLhuillier-Litteraire\" alt=\"JonathanLhuillier-Litteraire\" loading=\"lazy\" \/>\t\t\t\t\t\t\t\t\t\t\t\t\t\t\t<\/div>\n\t\t\t\t<\/div>\n\t\t\t\t\t<\/div>\n\t\t<\/div>\n\t\t\t\t\t<\/div>\n\t\t<\/section>\n\t\t\t\t\t<\/div>\n\t\t<\/div>\n\t\t\t\t\t<\/div>\n\t\t<\/section>\n\t\t\t\t<section class=\"elementor-section elementor-top-section elementor-element elementor-element-fc41d73 elementor-section-boxed elementor-section-height-default elementor-section-height-default\" data-id=\"fc41d73\" data-element_type=\"section\" data-e-type=\"section\" data-settings=\"{&quot;tmea_shape_divider_top&quot;:&quot;none&quot;,&quot;tmea_shape_divider_bottom&quot;:&quot;none&quot;}\">\n\t\t\t\t\t\t<div class=\"elementor-container elementor-column-gap-default\">\n\t\t\t\t\t<div class=\"elementor-column elementor-col-100 elementor-top-column elementor-element elementor-element-038f9ba\" data-id=\"038f9ba\" data-element_type=\"column\" data-e-type=\"column\">\n\t\t\t<div class=\"elementor-widget-wrap elementor-element-populated\">\n\t\t\t\t\n\t\t<div class=\"elementor-element elementor-element-6e4aa25 elementor-widget elementor-widget-wil-swaying-photo-gallery-settings\" data-id=\"6e4aa25\" data-element_type=\"widget\" data-e-type=\"widget\" data-widget_type=\"wil-swaying-photo-gallery-settings.default\">\n\t\t\t\t<div class=\"elementor-widget-container\">\n\t\t\t\t\t\t\t<div class=\"wil-swaying-photo-gallery-wrapper\">\n\t\t\t<div class=\"wil-swaying-photo-gallery-gallery\">\n\t\t\t\t\t\t\t<figure>\n\t\t\t\t\t\t\t\t\t<a href=\"https:\/\/jonathan-lhuillier.fr\/graphiste\/portfolios\/\" target=\"\">\n\t\t\t\t\t\t<img decoding=\"async\" src=\"https:\/\/jonathan-lhuillier.fr\/graphiste\/wp-content\/uploads\/Portfolio-Thumb-1024x1024.jpg\"\n\t\t\t\t\t\t     alt=\"\" title=\"\">\n\t\t\t\t\t\t\t\t\t\t\t\t\t<figcaption>Portfolio<\/figcaption>\n\t\t\t\t\t\t\t\t\t\t\t<\/a>\n\t\t\t\t\t\t\t<\/figure>\n\t\t\t\t\t\t\t<figure>\n\t\t\t\t\t\t\t\t\t<a href=\"https:\/\/jonathan-lhuillier.fr\/graphiste\/services\/mise-en-page\/\" target=\"\">\n\t\t\t\t\t\t<img decoding=\"async\" src=\"https:\/\/jonathan-lhuillier.fr\/graphiste\/wp-content\/uploads\/AUO-00-1024x1024.jpg\"\n\t\t\t\t\t\t     alt=\"\" title=\"\">\n\t\t\t\t\t\t\t\t\t\t\t\t\t<figcaption>Mise en Page<\/figcaption>\n\t\t\t\t\t\t\t\t\t\t\t<\/a>\n\t\t\t\t\t\t\t<\/figure>\n\t\t\t\t\t\t\t<figure>\n\t\t\t\t\t\t\t\t\t<a href=\"https:\/\/jonathan-lhuillier.fr\/graphiste\/services\/couvertures\/\" target=\"\">\n\t\t\t\t\t\t<img decoding=\"async\" src=\"https:\/\/jonathan-lhuillier.fr\/graphiste\/wp-content\/uploads\/Royal-Witch-1500-1024x724.jpg\"\n\t\t\t\t\t\t     alt=\"\" title=\"\">\n\t\t\t\t\t\t\t\t\t\t\t\t\t<figcaption>Couverture<\/figcaption>\n\t\t\t\t\t\t\t\t\t\t\t<\/a>\n\t\t\t\t\t\t\t<\/figure>\n\t\t\t\t\t\t\t<figure>\n\t\t\t\t\t\t\t\t\t<a href=\"https:\/\/jonathan-lhuillier.fr\/graphiste\/services\/mise-en-page-numerique\/\" target=\"\">\n\t\t\t\t\t\t<img decoding=\"async\" src=\"https:\/\/jonathan-lhuillier.fr\/graphiste\/wp-content\/uploads\/Thumb-500.jpg\"\n\t\t\t\t\t\t     alt=\"\" title=\"\">\n\t\t\t\t\t\t\t\t\t\t\t\t\t<figcaption>Mise en Page Num\u00e9rique<\/figcaption>\n\t\t\t\t\t\t\t\t\t\t\t<\/a>\n\t\t\t\t\t\t\t<\/figure>\n\t\t\t\t\t\t\t<figure>\n\t\t\t\t\t\t\t\t\t<a href=\"https:\/\/jonathan-lhuillier.fr\/graphiste\/services\/couvertures-preconcues\/\" target=\"\">\n\t\t\t\t\t\t<img decoding=\"async\" src=\"https:\/\/jonathan-lhuillier.fr\/graphiste\/wp-content\/uploads\/ADLE-Premade-Cover-673x1024.jpg\"\n\t\t\t\t\t\t     alt=\"\" title=\"\">\n\t\t\t\t\t\t\t\t\t\t\t\t\t<figcaption>Premade<\/figcaption>\n\t\t\t\t\t\t\t\t\t\t\t<\/a>\n\t\t\t\t\t\t\t<\/figure>\n\t\t\t\t\t\t\t<figure>\n\t\t\t\t\t\t\t\t\t<a href=\"https:\/\/jonathan-lhuillier.fr\/graphiste\/services\/couvertures-mises-en-page\/\" target=\"\">\n\t\t\t\t\t\t<img decoding=\"async\" src=\"https:\/\/jonathan-lhuillier.fr\/graphiste\/wp-content\/uploads\/Covers-MeP-large-1024x576.jpg\"\n\t\t\t\t\t\t     alt=\"\" title=\"\">\n\t\t\t\t\t\t\t\t\t\t\t\t\t<figcaption>Mise en page de Couverture<\/figcaption>\n\t\t\t\t\t\t\t\t\t\t\t<\/a>\n\t\t\t\t\t\t\t<\/figure>\n\t\t\t\t\t\t\t<figure>\n\t\t\t\t\t\t\t\t\t<a href=\"https:\/\/jonathan-lhuillier.fr\/graphiste\/services\/book-trailers\/\" target=\"\">\n\t\t\t\t\t\t<img decoding=\"async\" src=\"https:\/\/jonathan-lhuillier.fr\/graphiste\/wp-content\/uploads\/Trailers-ME-1024x1024.jpg\"\n\t\t\t\t\t\t     alt=\"\" title=\"\">\n\t\t\t\t\t\t\t\t\t\t\t\t\t<figcaption>Book Trailer<\/figcaption>\n\t\t\t\t\t\t\t\t\t\t\t<\/a>\n\t\t\t\t\t\t\t<\/figure>\n\t\t\t\t\t\t\t<figure>\n\t\t\t\t\t\t\t\t\t<a href=\"https:\/\/jonathan-lhuillier.fr\/graphiste\/tarifs\/\" target=\"\">\n\t\t\t\t\t\t<img decoding=\"async\" src=\"https:\/\/jonathan-lhuillier.fr\/graphiste\/wp-content\/uploads\/Tarifs.jpg\"\n\t\t\t\t\t\t     alt=\"\" title=\"save, money, budget, savings, concepts\">\n\t\t\t\t\t\t\t\t\t\t\t\t\t<figcaption>Tarifs et Devis<\/figcaption>\n\t\t\t\t\t\t\t\t\t\t\t<\/a>\n\t\t\t\t\t\t\t<\/figure>\n\t\t\t\t\t\t\t<figure>\n\t\t\t\t\t\t\t\t\t<a href=\"https:\/\/jonathan-lhuillier.fr\/graphiste\/contact\/\" target=\"\">\n\t\t\t\t\t\t<img decoding=\"async\" src=\"https:\/\/jonathan-lhuillier.fr\/graphiste\/wp-content\/uploads\/telephone-612061_1280-1024x726.jpg\"\n\t\t\t\t\t\t     alt=\"\" title=\"\">\n\t\t\t\t\t\t\t\t\t\t\t\t\t<figcaption>Contact<\/figcaption>\n\t\t\t\t\t\t\t\t\t\t\t<\/a>\n\t\t\t\t\t\t\t<\/figure>\n\t\t\t\t\t\t\t<figure>\n\t\t\t\t\t\t\t\t\t<a href=\"https:\/\/jonathan-lhuillier.fr\/graphiste\/a-propos\/\" target=\"\">\n\t\t\t\t\t\t<img decoding=\"async\" src=\"https:\/\/jonathan-lhuillier.fr\/graphiste\/wp-content\/uploads\/Graphiste-PP-1024x1024.jpg\"\n\t\t\t\t\t\t     alt=\"\" title=\"\">\n\t\t\t\t\t\t\t\t\t\t\t\t\t<figcaption>\u00c0 Propos<\/figcaption>\n\t\t\t\t\t\t\t\t\t\t\t<\/a>\n\t\t\t\t\t\t\t<\/figure>\n\t\t\t\t\t\t\t<\/div>\n\t\t<\/div>\n\t\t\t\t\t\t<\/div>\n\t\t\t\t<\/div>\n\t\t\t\t\t<\/div>\n\t\t<\/div>\n\t\t\t\t\t<\/div>\n\t\t<\/section>\n\t\t\t\t<section class=\"elementor-section elementor-top-section elementor-element elementor-element-eff2ecd elementor-section-boxed elementor-section-height-default elementor-section-height-default\" data-id=\"eff2ecd\" data-element_type=\"section\" data-e-type=\"section\" data-settings=\"{&quot;tmea_shape_divider_top&quot;:&quot;none&quot;,&quot;tmea_shape_divider_bottom&quot;:&quot;none&quot;}\">\n\t\t\t\t\t\t<div class=\"elementor-container elementor-column-gap-default\">\n\t\t\t\t\t<div class=\"elementor-column elementor-col-20 elementor-top-column elementor-element elementor-element-8121733\" data-id=\"8121733\" data-element_type=\"column\" data-e-type=\"column\">\n\t\t\t<div class=\"elementor-widget-wrap\">\n\t\t\t\t\t\t\t<\/div>\n\t\t<\/div>\n\t\t\t\t<div class=\"elementor-column elementor-col-20 elementor-top-column elementor-element elementor-element-517e8f1\" data-id=\"517e8f1\" data-element_type=\"column\" data-e-type=\"column\">\n\t\t\t<div class=\"elementor-widget-wrap\">\n\t\t\t\t\t\t\t<\/div>\n\t\t<\/div>\n\t\t\t\t<div class=\"elementor-column elementor-col-20 elementor-top-column elementor-element elementor-element-e268a9e\" data-id=\"e268a9e\" data-element_type=\"column\" data-e-type=\"column\">\n\t\t\t<div class=\"elementor-widget-wrap elementor-element-populated\">\n\t\t\t\t\t\t<div class=\"elementor-element elementor-element-6ea989d elementor-widget elementor-widget-image\" data-id=\"6ea989d\" data-element_type=\"widget\" data-e-type=\"widget\" data-widget_type=\"image.default\">\n\t\t\t\t<div class=\"elementor-widget-container\">\n\t\t\t\t\t\t\t\t\t\t\t\t\t\t\t\t<a href=\"https:\/\/www.siyhana-illustratrice.com\/produits-numriques-4\" target=\"_blank\">\n\t\t\t\t\t\t\t<img fetchpriority=\"high\" decoding=\"async\" width=\"886\" height=\"886\" src=\"https:\/\/jonathan-lhuillier.fr\/graphiste\/wp-content\/uploads\/Bleu.png\" class=\"attachment-large size-large wp-image-3923\" alt=\"\" srcset=\"https:\/\/jonathan-lhuillier.fr\/graphiste\/wp-content\/uploads\/Bleu.png 886w, https:\/\/jonathan-lhuillier.fr\/graphiste\/wp-content\/uploads\/Bleu-300x300.png 300w, https:\/\/jonathan-lhuillier.fr\/graphiste\/wp-content\/uploads\/Bleu-150x150.png 150w, https:\/\/jonathan-lhuillier.fr\/graphiste\/wp-content\/uploads\/Bleu-768x768.png 768w, https:\/\/jonathan-lhuillier.fr\/graphiste\/wp-content\/uploads\/Bleu-600x600.png 600w, https:\/\/jonathan-lhuillier.fr\/graphiste\/wp-content\/uploads\/Bleu-200x200.png 200w, https:\/\/jonathan-lhuillier.fr\/graphiste\/wp-content\/uploads\/Bleu-400x400.png 400w\" sizes=\"(max-width: 886px) 100vw, 886px\" \/>\t\t\t\t\t\t\t\t<\/a>\n\t\t\t\t\t\t\t\t\t\t\t\t\t\t\t<\/div>\n\t\t\t\t<\/div>\n\t\t\t\t\t<\/div>\n\t\t<\/div>\n\t\t\t\t<div class=\"elementor-column elementor-col-20 elementor-top-column elementor-element elementor-element-050a113\" data-id=\"050a113\" data-element_type=\"column\" data-e-type=\"column\">\n\t\t\t<div class=\"elementor-widget-wrap\">\n\t\t\t\t\t\t\t<\/div>\n\t\t<\/div>\n\t\t\t\t<div class=\"elementor-column elementor-col-20 elementor-top-column elementor-element elementor-element-b2ebe7e\" data-id=\"b2ebe7e\" data-element_type=\"column\" data-e-type=\"column\">\n\t\t\t<div class=\"elementor-widget-wrap\">\n\t\t\t\t\t\t\t<\/div>\n\t\t<\/div>\n\t\t\t\t\t<\/div>\n\t\t<\/section>\n\t\t\t\t<\/div>\n\t\t","protected":false},"excerpt":{"rendered":"<p>Portfolio Mise en Page Couverture Mise en Page Num\u00e9rique Premade Mise en page de Couverture Book Trailer Tarifs et Devis Contact \u00c0 Propos<\/p>\n","protected":false},"author":2,"featured_media":3889,"parent":0,"menu_order":0,"comment_status":"closed","ping_status":"closed","template":"elementor_canvas","meta":{"ocean_post_layout":"full-screen","ocean_both_sidebars_style":"","ocean_both_sidebars_content_width":0,"ocean_both_sidebars_sidebars_width":0,"ocean_sidebar":"0","ocean_second_sidebar":"0","ocean_disable_margins":"enable","ocean_add_body_class":"","ocean_shortcode_before_top_bar":"","ocean_shortcode_after_top_bar":"","ocean_shortcode_before_header":"","ocean_shortcode_after_header":"","ocean_has_shortcode":"","ocean_shortcode_after_title":"","ocean_shortcode_before_footer_widgets":"","ocean_shortcode_after_footer_widgets":"","ocean_shortcode_before_footer_bottom":"","ocean_shortcode_after_footer_bottom":"","ocean_display_top_bar":"default","ocean_display_header":"default","ocean_header_style":"","ocean_center_header_left_menu":"0","ocean_custom_header_template":"0","ocean_custom_logo":0,"ocean_custom_retina_logo":0,"ocean_custom_logo_max_width":0,"ocean_custom_logo_tablet_max_width":0,"ocean_custom_logo_mobile_max_width":0,"ocean_custom_logo_max_height":0,"ocean_custom_logo_tablet_max_height":0,"ocean_custom_logo_mobile_max_height":0,"ocean_header_custom_menu":"0","ocean_menu_typo_font_family":"0","ocean_menu_typo_font_subset":"","ocean_menu_typo_font_size":0,"ocean_menu_typo_font_size_tablet":0,"ocean_menu_typo_font_size_mobile":0,"ocean_menu_typo_font_size_unit":"px","ocean_menu_typo_font_weight":"","ocean_menu_typo_font_weight_tablet":"","ocean_menu_typo_font_weight_mobile":"","ocean_menu_typo_transform":"","ocean_menu_typo_transform_tablet":"","ocean_menu_typo_transform_mobile":"","ocean_menu_typo_line_height":0,"ocean_menu_typo_line_height_tablet":0,"ocean_menu_typo_line_height_mobile":0,"ocean_menu_typo_line_height_unit":"","ocean_menu_typo_spacing":0,"ocean_menu_typo_spacing_tablet":0,"ocean_menu_typo_spacing_mobile":0,"ocean_menu_typo_spacing_unit":"","ocean_menu_link_color":"","ocean_menu_link_color_hover":"","ocean_menu_link_color_active":"","ocean_menu_link_background":"","ocean_menu_link_hover_background":"","ocean_menu_link_active_background":"","ocean_menu_social_links_bg":"","ocean_menu_social_hover_links_bg":"","ocean_menu_social_links_color":"","ocean_menu_social_hover_links_color":"","ocean_disable_title":"default","ocean_disable_heading":"default","ocean_post_title":"","ocean_post_subheading":"","ocean_post_title_style":"","ocean_post_title_background_color":"","ocean_post_title_background":0,"ocean_post_title_bg_image_position":"","ocean_post_title_bg_image_attachment":"","ocean_post_title_bg_image_repeat":"","ocean_post_title_bg_image_size":"","ocean_post_title_height":0,"ocean_post_title_bg_overlay":0.5,"ocean_post_title_bg_overlay_color":"","ocean_disable_breadcrumbs":"default","ocean_breadcrumbs_color":"","ocean_breadcrumbs_separator_color":"","ocean_breadcrumbs_links_color":"","ocean_breadcrumbs_links_hover_color":"","ocean_display_footer_widgets":"default","ocean_display_footer_bottom":"default","ocean_custom_footer_template":"0","footnotes":""},"class_list":["post-3557","page","type-page","status-publish","has-post-thumbnail","hentry","entry","has-media"],"yoast_head":"<!-- This site is optimized with the Yoast SEO plugin v27.3 - https:\/\/yoast.com\/product\/yoast-seo-wordpress\/ -->\n<title>Jonathan Lhuillier \u2013 Graphiste Litt\u00e9raire - Jonathan Lhuillier<\/title>\n<meta name=\"description\" content=\"Graphiste ind\u00e9pendant sp\u00e9cialis\u00e9 dans les romans : mise en page, couverture, booktrailer.\" \/>\n<meta name=\"robots\" content=\"index, follow, max-snippet:-1, max-image-preview:large, max-video-preview:-1\" \/>\n<link rel=\"canonical\" href=\"https:\/\/jonathan-lhuillier.fr\/graphiste\/\" \/>\n<meta property=\"og:locale\" content=\"fr_FR\" \/>\n<meta property=\"og:type\" content=\"article\" \/>\n<meta property=\"og:title\" content=\"Jonathan Lhuillier \u2013 Graphiste Litt\u00e9raire - Jonathan Lhuillier\" \/>\n<meta property=\"og:description\" content=\"Graphiste ind\u00e9pendant sp\u00e9cialis\u00e9 dans les romans : mise en page, couverture, booktrailer.\" \/>\n<meta property=\"og:url\" content=\"https:\/\/jonathan-lhuillier.fr\/graphiste\/\" \/>\n<meta property=\"og:site_name\" content=\"Jonathan Lhuillier\" \/>\n<meta property=\"article:publisher\" content=\"https:\/\/jonathan-lhuillier-graphiste.fr\/facebook\" \/>\n<meta property=\"article:modified_time\" content=\"2025-06-30T18:30:19+00:00\" \/>\n<meta property=\"og:image\" content=\"https:\/\/jonathan-lhuillier.fr\/graphiste\/wp-content\/uploads\/SnapGraphiste.jpg\" \/>\n\t<meta property=\"og:image:width\" content=\"1920\" \/>\n\t<meta property=\"og:image:height\" content=\"937\" \/>\n\t<meta property=\"og:image:type\" content=\"image\/jpeg\" \/>\n<meta name=\"twitter:card\" content=\"summary_large_image\" \/>\n<meta name=\"twitter:site\" content=\"@JonaLhuillier\" \/>\n<meta name=\"twitter:label1\" content=\"Dur\u00e9e de lecture estim\u00e9e\" \/>\n\t<meta name=\"twitter:data1\" content=\"3 minutes\" \/>\n<script type=\"application\/ld+json\" class=\"yoast-schema-graph\">{\"@context\":\"https:\\\/\\\/schema.org\",\"@graph\":[{\"@type\":\"WebPage\",\"@id\":\"https:\\\/\\\/jonathan-lhuillier.fr\\\/graphiste\\\/\",\"url\":\"https:\\\/\\\/jonathan-lhuillier.fr\\\/graphiste\\\/\",\"name\":\"Jonathan Lhuillier \u2013 Graphiste Litt\u00e9raire - Jonathan Lhuillier\",\"isPartOf\":{\"@id\":\"https:\\\/\\\/jonathan-lhuillier.fr\\\/graphiste\\\/#website\"},\"primaryImageOfPage\":{\"@id\":\"https:\\\/\\\/jonathan-lhuillier.fr\\\/graphiste\\\/#primaryimage\"},\"image\":{\"@id\":\"https:\\\/\\\/jonathan-lhuillier.fr\\\/graphiste\\\/#primaryimage\"},\"thumbnailUrl\":\"https:\\\/\\\/jonathan-lhuillier.fr\\\/graphiste\\\/wp-content\\\/uploads\\\/SnapGraphiste.jpg\",\"datePublished\":\"2024-01-19T18:10:35+00:00\",\"dateModified\":\"2025-06-30T18:30:19+00:00\",\"description\":\"Graphiste ind\u00e9pendant sp\u00e9cialis\u00e9 dans les romans : mise en page, couverture, booktrailer.\",\"breadcrumb\":{\"@id\":\"https:\\\/\\\/jonathan-lhuillier.fr\\\/graphiste\\\/#breadcrumb\"},\"inLanguage\":\"fr-FR\",\"potentialAction\":[{\"@type\":\"ReadAction\",\"target\":[\"https:\\\/\\\/jonathan-lhuillier.fr\\\/graphiste\\\/\"]}]},{\"@type\":\"ImageObject\",\"inLanguage\":\"fr-FR\",\"@id\":\"https:\\\/\\\/jonathan-lhuillier.fr\\\/graphiste\\\/#primaryimage\",\"url\":\"https:\\\/\\\/jonathan-lhuillier.fr\\\/graphiste\\\/wp-content\\\/uploads\\\/SnapGraphiste.jpg\",\"contentUrl\":\"https:\\\/\\\/jonathan-lhuillier.fr\\\/graphiste\\\/wp-content\\\/uploads\\\/SnapGraphiste.jpg\",\"width\":1920,\"height\":937},{\"@type\":\"BreadcrumbList\",\"@id\":\"https:\\\/\\\/jonathan-lhuillier.fr\\\/graphiste\\\/#breadcrumb\",\"itemListElement\":[{\"@type\":\"ListItem\",\"position\":1,\"name\":\"Accueil\",\"item\":\"https:\\\/\\\/jonathan-lhuillier.fr\\\/graphiste\\\/\"},{\"@type\":\"ListItem\",\"position\":2,\"name\":\"Jonathan Lhuillier \u2013 Graphiste Litt\u00e9raire\"}]},{\"@type\":\"WebSite\",\"@id\":\"https:\\\/\\\/jonathan-lhuillier.fr\\\/graphiste\\\/#website\",\"url\":\"https:\\\/\\\/jonathan-lhuillier.fr\\\/graphiste\\\/\",\"name\":\"Jonathan Lhuillier\",\"description\":\"Graphiste Ind\u00e9pendant\",\"publisher\":{\"@id\":\"https:\\\/\\\/jonathan-lhuillier.fr\\\/graphiste\\\/#\\\/schema\\\/person\\\/b5c3605f3204adcd524ec499e1cc33e2\"},\"potentialAction\":[{\"@type\":\"SearchAction\",\"target\":{\"@type\":\"EntryPoint\",\"urlTemplate\":\"https:\\\/\\\/jonathan-lhuillier.fr\\\/graphiste\\\/?s={search_term_string}\"},\"query-input\":{\"@type\":\"PropertyValueSpecification\",\"valueRequired\":true,\"valueName\":\"search_term_string\"}}],\"inLanguage\":\"fr-FR\"},{\"@type\":[\"Person\",\"Organization\"],\"@id\":\"https:\\\/\\\/jonathan-lhuillier.fr\\\/graphiste\\\/#\\\/schema\\\/person\\\/b5c3605f3204adcd524ec499e1cc33e2\",\"name\":\"Jonathan Lhuillier\",\"image\":{\"@type\":\"ImageObject\",\"inLanguage\":\"fr-FR\",\"@id\":\"https:\\\/\\\/jonathan-lhuillier.fr\\\/graphiste\\\/wp-content\\\/uploads\\\/Logo-Graphiste-Nouveau.png\",\"url\":\"https:\\\/\\\/jonathan-lhuillier.fr\\\/graphiste\\\/wp-content\\\/uploads\\\/Logo-Graphiste-Nouveau.png\",\"contentUrl\":\"https:\\\/\\\/jonathan-lhuillier.fr\\\/graphiste\\\/wp-content\\\/uploads\\\/Logo-Graphiste-Nouveau.png\",\"width\":1000,\"height\":1000,\"caption\":\"Jonathan Lhuillier\"},\"logo\":{\"@id\":\"https:\\\/\\\/jonathan-lhuillier.fr\\\/graphiste\\\/wp-content\\\/uploads\\\/Logo-Graphiste-Nouveau.png\"},\"sameAs\":[\"https:\\\/\\\/jonathan-lhuillier.fr\\\/\",\"https:\\\/\\\/jonathan-lhuillier-graphiste.fr\\\/facebook\",\"https:\\\/\\\/www.instagram.com\\\/jonalhuillier\",\"https:\\\/\\\/x.com\\\/JonaLhuillier\"]}]}<\/script>\n<!-- \/ Yoast SEO plugin. -->","yoast_head_json":{"title":"Jonathan Lhuillier \u2013 Graphiste Litt\u00e9raire - Jonathan Lhuillier","description":"Graphiste ind\u00e9pendant sp\u00e9cialis\u00e9 dans les romans : mise en page, couverture, booktrailer.","robots":{"index":"index","follow":"follow","max-snippet":"max-snippet:-1","max-image-preview":"max-image-preview:large","max-video-preview":"max-video-preview:-1"},"canonical":"https:\/\/jonathan-lhuillier.fr\/graphiste\/","og_locale":"fr_FR","og_type":"article","og_title":"Jonathan Lhuillier \u2013 Graphiste Litt\u00e9raire - Jonathan Lhuillier","og_description":"Graphiste ind\u00e9pendant sp\u00e9cialis\u00e9 dans les romans : mise en page, couverture, booktrailer.","og_url":"https:\/\/jonathan-lhuillier.fr\/graphiste\/","og_site_name":"Jonathan Lhuillier","article_publisher":"https:\/\/jonathan-lhuillier-graphiste.fr\/facebook","article_modified_time":"2025-06-30T18:30:19+00:00","og_image":[{"width":1920,"height":937,"url":"https:\/\/jonathan-lhuillier.fr\/graphiste\/wp-content\/uploads\/SnapGraphiste.jpg","type":"image\/jpeg"}],"twitter_card":"summary_large_image","twitter_site":"@JonaLhuillier","twitter_misc":{"Dur\u00e9e de lecture estim\u00e9e":"3 minutes"},"schema":{"@context":"https:\/\/schema.org","@graph":[{"@type":"WebPage","@id":"https:\/\/jonathan-lhuillier.fr\/graphiste\/","url":"https:\/\/jonathan-lhuillier.fr\/graphiste\/","name":"Jonathan Lhuillier \u2013 Graphiste Litt\u00e9raire - Jonathan Lhuillier","isPartOf":{"@id":"https:\/\/jonathan-lhuillier.fr\/graphiste\/#website"},"primaryImageOfPage":{"@id":"https:\/\/jonathan-lhuillier.fr\/graphiste\/#primaryimage"},"image":{"@id":"https:\/\/jonathan-lhuillier.fr\/graphiste\/#primaryimage"},"thumbnailUrl":"https:\/\/jonathan-lhuillier.fr\/graphiste\/wp-content\/uploads\/SnapGraphiste.jpg","datePublished":"2024-01-19T18:10:35+00:00","dateModified":"2025-06-30T18:30:19+00:00","description":"Graphiste ind\u00e9pendant sp\u00e9cialis\u00e9 dans les romans : mise en page, couverture, booktrailer.","breadcrumb":{"@id":"https:\/\/jonathan-lhuillier.fr\/graphiste\/#breadcrumb"},"inLanguage":"fr-FR","potentialAction":[{"@type":"ReadAction","target":["https:\/\/jonathan-lhuillier.fr\/graphiste\/"]}]},{"@type":"ImageObject","inLanguage":"fr-FR","@id":"https:\/\/jonathan-lhuillier.fr\/graphiste\/#primaryimage","url":"https:\/\/jonathan-lhuillier.fr\/graphiste\/wp-content\/uploads\/SnapGraphiste.jpg","contentUrl":"https:\/\/jonathan-lhuillier.fr\/graphiste\/wp-content\/uploads\/SnapGraphiste.jpg","width":1920,"height":937},{"@type":"BreadcrumbList","@id":"https:\/\/jonathan-lhuillier.fr\/graphiste\/#breadcrumb","itemListElement":[{"@type":"ListItem","position":1,"name":"Accueil","item":"https:\/\/jonathan-lhuillier.fr\/graphiste\/"},{"@type":"ListItem","position":2,"name":"Jonathan Lhuillier \u2013 Graphiste Litt\u00e9raire"}]},{"@type":"WebSite","@id":"https:\/\/jonathan-lhuillier.fr\/graphiste\/#website","url":"https:\/\/jonathan-lhuillier.fr\/graphiste\/","name":"Jonathan Lhuillier","description":"Graphiste Ind\u00e9pendant","publisher":{"@id":"https:\/\/jonathan-lhuillier.fr\/graphiste\/#\/schema\/person\/b5c3605f3204adcd524ec499e1cc33e2"},"potentialAction":[{"@type":"SearchAction","target":{"@type":"EntryPoint","urlTemplate":"https:\/\/jonathan-lhuillier.fr\/graphiste\/?s={search_term_string}"},"query-input":{"@type":"PropertyValueSpecification","valueRequired":true,"valueName":"search_term_string"}}],"inLanguage":"fr-FR"},{"@type":["Person","Organization"],"@id":"https:\/\/jonathan-lhuillier.fr\/graphiste\/#\/schema\/person\/b5c3605f3204adcd524ec499e1cc33e2","name":"Jonathan Lhuillier","image":{"@type":"ImageObject","inLanguage":"fr-FR","@id":"https:\/\/jonathan-lhuillier.fr\/graphiste\/wp-content\/uploads\/Logo-Graphiste-Nouveau.png","url":"https:\/\/jonathan-lhuillier.fr\/graphiste\/wp-content\/uploads\/Logo-Graphiste-Nouveau.png","contentUrl":"https:\/\/jonathan-lhuillier.fr\/graphiste\/wp-content\/uploads\/Logo-Graphiste-Nouveau.png","width":1000,"height":1000,"caption":"Jonathan Lhuillier"},"logo":{"@id":"https:\/\/jonathan-lhuillier.fr\/graphiste\/wp-content\/uploads\/Logo-Graphiste-Nouveau.png"},"sameAs":["https:\/\/jonathan-lhuillier.fr\/","https:\/\/jonathan-lhuillier-graphiste.fr\/facebook","https:\/\/www.instagram.com\/jonalhuillier","https:\/\/x.com\/JonaLhuillier"]}]}},"_links":{"self":[{"href":"https:\/\/jonathan-lhuillier.fr\/graphiste\/wp-json\/wp\/v2\/pages\/3557","targetHints":{"allow":["GET"]}}],"collection":[{"href":"https:\/\/jonathan-lhuillier.fr\/graphiste\/wp-json\/wp\/v2\/pages"}],"about":[{"href":"https:\/\/jonathan-lhuillier.fr\/graphiste\/wp-json\/wp\/v2\/types\/page"}],"author":[{"embeddable":true,"href":"https:\/\/jonathan-lhuillier.fr\/graphiste\/wp-json\/wp\/v2\/users\/2"}],"replies":[{"embeddable":true,"href":"https:\/\/jonathan-lhuillier.fr\/graphiste\/wp-json\/wp\/v2\/comments?post=3557"}],"version-history":[{"count":43,"href":"https:\/\/jonathan-lhuillier.fr\/graphiste\/wp-json\/wp\/v2\/pages\/3557\/revisions"}],"predecessor-version":[{"id":4349,"href":"https:\/\/jonathan-lhuillier.fr\/graphiste\/wp-json\/wp\/v2\/pages\/3557\/revisions\/4349"}],"wp:featuredmedia":[{"embeddable":true,"href":"https:\/\/jonathan-lhuillier.fr\/graphiste\/wp-json\/wp\/v2\/media\/3889"}],"wp:attachment":[{"href":"https:\/\/jonathan-lhuillier.fr\/graphiste\/wp-json\/wp\/v2\/media?parent=3557"}],"curies":[{"name":"wp","href":"https:\/\/api.w.org\/{rel}","templated":true}]}}