{"id":3058,"date":"2023-02-07T22:42:09","date_gmt":"2023-02-07T21:42:09","guid":{"rendered":"https:\/\/jonathan-lhuillier.fr\/graphiste\/?page_id=3058"},"modified":"2023-02-07T22:43:42","modified_gmt":"2023-02-07T21:43:42","slug":"mentions-legales","status":"publish","type":"page","link":"https:\/\/jonathan-lhuillier.fr\/graphiste\/mentions-legales\/","title":{"rendered":"Mentions l\u00e9gales"},"content":{"rendered":"\t\t<div data-elementor-type=\"wp-page\" data-elementor-id=\"3058\" class=\"elementor elementor-3058\">\n\t\t\t\t\t\t<section class=\"elementor-section elementor-top-section elementor-element elementor-element-72eba21f elementor-section-boxed elementor-section-height-default elementor-section-height-default\" data-id=\"72eba21f\" data-element_type=\"section\" data-e-type=\"section\" data-settings=\"{&quot;tmea_shape_divider_top&quot;:&quot;none&quot;,&quot;tmea_shape_divider_bottom&quot;:&quot;none&quot;}\">\n\t\t\t\t\t\t<div class=\"elementor-container elementor-column-gap-default\">\n\t\t\t\t\t<div class=\"elementor-column elementor-col-100 elementor-top-column elementor-element elementor-element-7d2205da\" data-id=\"7d2205da\" data-element_type=\"column\" data-e-type=\"column\">\n\t\t\t<div class=\"elementor-widget-wrap elementor-element-populated\">\n\t\t\t\t\n\t\t<div class=\"elementor-element elementor-element-1c8d4955 elementor-widget elementor-widget-text-editor\" data-id=\"1c8d4955\" data-element_type=\"widget\" data-e-type=\"widget\" data-widget_type=\"text-editor.default\">\n\t\t\t\t<div class=\"elementor-widget-container\">\n\t\t\t\t\t\t\t\t\t<h1 style=\"text-align: center;\">Mentions l\u00e9gales<\/h1><p style=\"text-align: center;\">En vigueur au 01\/01\/2023<\/p><p>Conform\u00e9ment aux dispositions des Articles 6-III et 19 de la Loi n\u00b02004-575 du 21 juin 2004 pour la Confiance dans l\u2019\u00e9conomie num\u00e9rique, dite L.C.E.N., il est port\u00e9 \u00e0 la connaissance des utilisateurs et visiteurs, ci-apr\u00e8s l&#8221;&#8221;<strong>Utilisateur<\/strong>&#8220;, du site https:\/\/jonathan-lhuillier.fr\/graphiste\/ , ci-apr\u00e8s le &#8220;<strong>Site<\/strong>&#8220;, les pr\u00e9sentes mentions l\u00e9gales.<\/p><p>La connexion et la navigation sur le Site par l\u2019Utilisateur implique acceptation int\u00e9grale et sans r\u00e9serve des pr\u00e9sentes mentions l\u00e9gales.<\/p><p>Ces derni\u00e8res sont accessibles sur le Site \u00e0 la rubrique \u00ab Mentions l\u00e9gales \u00bb.<\/p><h2>ARTICLE 1 &#8211; L&#8217;EDITEUR<\/h2><p>L\u2019\u00e9dition et la direction de la publication du Site est assur\u00e9e par Jonathan Lhuillier, dont l&#8217;adresse e-mail est &#x6a;o&#x6e;&#97;&#x74;&#104;&#x61;&#x6e;&#46;&#x6c;&#104;&#x75;&#105;&#x6c;&#108;i&#x65;&#114;&#x2e;&#112;&#x72;&#111;&#64;&#x67;&#109;&#x61;&#105;&#x6c;&#46;c&#x6f;m.<\/p><p>ci-apr\u00e8s l'&#8221;<strong>Editeur<\/strong>&#8220;.<\/p><h2>ARTICLE 2 &#8211; L&#8217;HEBERGEUR<\/h2><p>L&#8217;h\u00e9bergeur du Site est la soci\u00e9t\u00e9 Ligne Web Services &#8211; LWS, dont le si\u00e8ge social est situ\u00e9 au 2 rue jules ferry 88190 Golbey.<\/p><h2>ARTICLE 3 &#8211; ACCES AU SITE<\/h2><p>Le Site est accessible en tout endroit, 7j\/7, 24h\/24 sauf cas de force majeure, interruption programm\u00e9e ou non et pouvant d\u00e9coulant d\u2019une n\u00e9cessit\u00e9 de maintenance.<\/p><p>En cas de modification, interruption ou suspension du Site, l&#8217;Editeur ne saurait \u00eatre tenu responsable.<\/p><h2>ARTICLE 4 &#8211; COLLECTE DES DONNEES<\/h2><p>Le site est exempt\u00e9 de d\u00e9claration \u00e0 la Commission Nationale Informatique et Libert\u00e9s (CNIL) dans la mesure o\u00f9 il ne collecte aucune donn\u00e9e concernant les utilisateurs.<\/p><p>Toute utilisation, reproduction, diffusion, commercialisation, modification de toute ou partie du Site, sans autorisation de l\u2019Editeur est prohib\u00e9e et pourra entra\u00een\u00e9e des actions et poursuites judiciaires telles que notamment pr\u00e9vues par le Code de la propri\u00e9t\u00e9 intellectuelle et le Code civil.<\/p><p>R\u00e9dig\u00e9 sur http:\/\/legalplace.fr<\/p>\t\t\t\t\t\t\t\t<\/div>\n\t\t\t\t<\/div>\n\t\t\t\t\t<\/div>\n\t\t<\/div>\n\t\t\t\t\t<\/div>\n\t\t<\/section>\n\t\t\t\t<\/div>\n\t\t","protected":false},"excerpt":{"rendered":"<p>Mentions l\u00e9gales En vigueur au 01\/01\/2023 Conform\u00e9ment aux dispositions des Articles 6-III et 19 de la Loi n\u00b02004-575 du 21 juin 2004 pour la Confiance dans l\u2019\u00e9conomie num\u00e9rique, dite L.C.E.N., il est port\u00e9 \u00e0 la connaissance des utilisateurs et visiteurs, ci-apr\u00e8s l&#8221;&#8221;Utilisateur&#8220;, du site https:\/\/jonathan-lhuillier.fr\/graphiste\/ , ci-apr\u00e8s le &#8220;Site&#8220;, les pr\u00e9sentes mentions l\u00e9gales. La connexion [&hellip;]<\/p>\n","protected":false},"author":2,"featured_media":0,"parent":0,"menu_order":0,"comment_status":"closed","ping_status":"closed","template":"","meta":{"ocean_post_layout":"","ocean_both_sidebars_style":"","ocean_both_sidebars_content_width":0,"ocean_both_sidebars_sidebars_width":0,"ocean_sidebar":"0","ocean_second_sidebar":"0","ocean_disable_margins":"enable","ocean_add_body_class":"","ocean_shortcode_before_top_bar":"","ocean_shortcode_after_top_bar":"","ocean_shortcode_before_header":"","ocean_shortcode_after_header":"","ocean_has_shortcode":"","ocean_shortcode_after_title":"","ocean_shortcode_before_footer_widgets":"","ocean_shortcode_after_footer_widgets":"","ocean_shortcode_before_footer_bottom":"","ocean_shortcode_after_footer_bottom":"","ocean_display_top_bar":"default","ocean_display_header":"default","ocean_header_style":"","ocean_center_header_left_menu":"0","ocean_custom_header_template":"0","ocean_custom_logo":0,"ocean_custom_retina_logo":0,"ocean_custom_logo_max_width":0,"ocean_custom_logo_tablet_max_width":0,"ocean_custom_logo_mobile_max_width":0,"ocean_custom_logo_max_height":0,"ocean_custom_logo_tablet_max_height":0,"ocean_custom_logo_mobile_max_height":0,"ocean_header_custom_menu":"0","ocean_menu_typo_font_family":"0","ocean_menu_typo_font_subset":"","ocean_menu_typo_font_size":0,"ocean_menu_typo_font_size_tablet":0,"ocean_menu_typo_font_size_mobile":0,"ocean_menu_typo_font_size_unit":"px","ocean_menu_typo_font_weight":"","ocean_menu_typo_font_weight_tablet":"","ocean_menu_typo_font_weight_mobile":"","ocean_menu_typo_transform":"","ocean_menu_typo_transform_tablet":"","ocean_menu_typo_transform_mobile":"","ocean_menu_typo_line_height":0,"ocean_menu_typo_line_height_tablet":0,"ocean_menu_typo_line_height_mobile":0,"ocean_menu_typo_line_height_unit":"","ocean_menu_typo_spacing":0,"ocean_menu_typo_spacing_tablet":0,"ocean_menu_typo_spacing_mobile":0,"ocean_menu_typo_spacing_unit":"","ocean_menu_link_color":"","ocean_menu_link_color_hover":"","ocean_menu_link_color_active":"","ocean_menu_link_background":"","ocean_menu_link_hover_background":"","ocean_menu_link_active_background":"","ocean_menu_social_links_bg":"","ocean_menu_social_hover_links_bg":"","ocean_menu_social_links_color":"","ocean_menu_social_hover_links_color":"","ocean_disable_title":"default","ocean_disable_heading":"default","ocean_post_title":"","ocean_post_subheading":"","ocean_post_title_style":"","ocean_post_title_background_color":"","ocean_post_title_background":0,"ocean_post_title_bg_image_position":"","ocean_post_title_bg_image_attachment":"","ocean_post_title_bg_image_repeat":"","ocean_post_title_bg_image_size":"","ocean_post_title_height":0,"ocean_post_title_bg_overlay":0.5,"ocean_post_title_bg_overlay_color":"","ocean_disable_breadcrumbs":"default","ocean_breadcrumbs_color":"","ocean_breadcrumbs_separator_color":"","ocean_breadcrumbs_links_color":"","ocean_breadcrumbs_links_hover_color":"","ocean_display_footer_widgets":"default","ocean_display_footer_bottom":"default","ocean_custom_footer_template":"0","footnotes":""},"class_list":["post-3058","page","type-page","status-publish","hentry","entry"],"yoast_head":"<!-- This site is optimized with the Yoast SEO plugin v27.3 - https:\/\/yoast.com\/product\/yoast-seo-wordpress\/ -->\n<title>Mentions l\u00e9gales - Jonathan Lhuillier<\/title>\n<meta name=\"robots\" content=\"noindex, nofollow\" \/>\n<meta property=\"og:locale\" content=\"fr_FR\" \/>\n<meta property=\"og:type\" content=\"article\" \/>\n<meta property=\"og:title\" content=\"Mentions l\u00e9gales - Jonathan Lhuillier\" \/>\n<meta property=\"og:description\" content=\"Mentions l\u00e9gales En vigueur au 01\/01\/2023 Conform\u00e9ment aux dispositions des Articles 6-III et 19 de la Loi n\u00b02004-575 du 21 juin 2004 pour la Confiance dans l\u2019\u00e9conomie num\u00e9rique, dite L.C.E.N., il est port\u00e9 \u00e0 la connaissance des utilisateurs et visiteurs, ci-apr\u00e8s l&#8221;&#8221;Utilisateur&#8220;, du site https:\/\/jonathan-lhuillier.fr\/graphiste\/ , ci-apr\u00e8s le &#8220;Site&#8220;, les pr\u00e9sentes mentions l\u00e9gales. La connexion [&hellip;]\" \/>\n<meta property=\"og:url\" content=\"https:\/\/jonathan-lhuillier.fr\/graphiste\/mentions-legales\/\" \/>\n<meta property=\"og:site_name\" content=\"Jonathan Lhuillier\" \/>\n<meta property=\"article:publisher\" content=\"https:\/\/jonathan-lhuillier-graphiste.fr\/facebook\" \/>\n<meta property=\"article:modified_time\" content=\"2023-02-07T21:43:42+00:00\" \/>\n<meta property=\"og:image\" content=\"https:\/\/jonathan-lhuillier.fr\/graphiste\/wp-content\/uploads\/SnapGraphiste.jpg\" \/>\n\t<meta property=\"og:image:width\" content=\"1920\" \/>\n\t<meta property=\"og:image:height\" content=\"937\" \/>\n\t<meta property=\"og:image:type\" content=\"image\/jpeg\" \/>\n<meta name=\"twitter:card\" content=\"summary_large_image\" \/>\n<meta name=\"twitter:site\" content=\"@JonaLhuillier\" \/>\n<meta name=\"twitter:label1\" content=\"Dur\u00e9e de lecture estim\u00e9e\" \/>\n\t<meta name=\"twitter:data1\" content=\"2 minutes\" \/>\n<script type=\"application\/ld+json\" class=\"yoast-schema-graph\">{\"@context\":\"https:\\\/\\\/schema.org\",\"@graph\":[{\"@type\":\"WebPage\",\"@id\":\"https:\\\/\\\/jonathan-lhuillier.fr\\\/graphiste\\\/mentions-legales\\\/\",\"url\":\"https:\\\/\\\/jonathan-lhuillier.fr\\\/graphiste\\\/mentions-legales\\\/\",\"name\":\"Mentions l\u00e9gales - Jonathan Lhuillier\",\"isPartOf\":{\"@id\":\"https:\\\/\\\/jonathan-lhuillier.fr\\\/graphiste\\\/#website\"},\"datePublished\":\"2023-02-07T21:42:09+00:00\",\"dateModified\":\"2023-02-07T21:43:42+00:00\",\"breadcrumb\":{\"@id\":\"https:\\\/\\\/jonathan-lhuillier.fr\\\/graphiste\\\/mentions-legales\\\/#breadcrumb\"},\"inLanguage\":\"fr-FR\",\"potentialAction\":[{\"@type\":\"ReadAction\",\"target\":[\"https:\\\/\\\/jonathan-lhuillier.fr\\\/graphiste\\\/mentions-legales\\\/\"]}]},{\"@type\":\"BreadcrumbList\",\"@id\":\"https:\\\/\\\/jonathan-lhuillier.fr\\\/graphiste\\\/mentions-legales\\\/#breadcrumb\",\"itemListElement\":[{\"@type\":\"ListItem\",\"position\":1,\"name\":\"Accueil\",\"item\":\"https:\\\/\\\/jonathan-lhuillier.fr\\\/graphiste\\\/\"},{\"@type\":\"ListItem\",\"position\":2,\"name\":\"Mentions l\u00e9gales\"}]},{\"@type\":\"WebSite\",\"@id\":\"https:\\\/\\\/jonathan-lhuillier.fr\\\/graphiste\\\/#website\",\"url\":\"https:\\\/\\\/jonathan-lhuillier.fr\\\/graphiste\\\/\",\"name\":\"Jonathan Lhuillier\",\"description\":\"Graphiste Ind\u00e9pendant\",\"publisher\":{\"@id\":\"https:\\\/\\\/jonathan-lhuillier.fr\\\/graphiste\\\/#\\\/schema\\\/person\\\/b5c3605f3204adcd524ec499e1cc33e2\"},\"potentialAction\":[{\"@type\":\"SearchAction\",\"target\":{\"@type\":\"EntryPoint\",\"urlTemplate\":\"https:\\\/\\\/jonathan-lhuillier.fr\\\/graphiste\\\/?s={search_term_string}\"},\"query-input\":{\"@type\":\"PropertyValueSpecification\",\"valueRequired\":true,\"valueName\":\"search_term_string\"}}],\"inLanguage\":\"fr-FR\"},{\"@type\":[\"Person\",\"Organization\"],\"@id\":\"https:\\\/\\\/jonathan-lhuillier.fr\\\/graphiste\\\/#\\\/schema\\\/person\\\/b5c3605f3204adcd524ec499e1cc33e2\",\"name\":\"Jonathan Lhuillier\",\"image\":{\"@type\":\"ImageObject\",\"inLanguage\":\"fr-FR\",\"@id\":\"https:\\\/\\\/jonathan-lhuillier.fr\\\/graphiste\\\/wp-content\\\/uploads\\\/Logo-Graphiste-Nouveau.png\",\"url\":\"https:\\\/\\\/jonathan-lhuillier.fr\\\/graphiste\\\/wp-content\\\/uploads\\\/Logo-Graphiste-Nouveau.png\",\"contentUrl\":\"https:\\\/\\\/jonathan-lhuillier.fr\\\/graphiste\\\/wp-content\\\/uploads\\\/Logo-Graphiste-Nouveau.png\",\"width\":1000,\"height\":1000,\"caption\":\"Jonathan Lhuillier\"},\"logo\":{\"@id\":\"https:\\\/\\\/jonathan-lhuillier.fr\\\/graphiste\\\/wp-content\\\/uploads\\\/Logo-Graphiste-Nouveau.png\"},\"sameAs\":[\"https:\\\/\\\/jonathan-lhuillier.fr\\\/\",\"https:\\\/\\\/jonathan-lhuillier-graphiste.fr\\\/facebook\",\"https:\\\/\\\/www.instagram.com\\\/jonalhuillier\",\"https:\\\/\\\/x.com\\\/JonaLhuillier\"]}]}<\/script>\n<!-- \/ Yoast SEO plugin. -->","yoast_head_json":{"title":"Mentions l\u00e9gales - Jonathan Lhuillier","robots":{"index":"noindex","follow":"nofollow"},"og_locale":"fr_FR","og_type":"article","og_title":"Mentions l\u00e9gales - Jonathan Lhuillier","og_description":"Mentions l\u00e9gales En vigueur au 01\/01\/2023 Conform\u00e9ment aux dispositions des Articles 6-III et 19 de la Loi n\u00b02004-575 du 21 juin 2004 pour la Confiance dans l\u2019\u00e9conomie num\u00e9rique, dite L.C.E.N., il est port\u00e9 \u00e0 la connaissance des utilisateurs et visiteurs, ci-apr\u00e8s l&#8221;&#8221;Utilisateur&#8220;, du site https:\/\/jonathan-lhuillier.fr\/graphiste\/ , ci-apr\u00e8s le &#8220;Site&#8220;, les pr\u00e9sentes mentions l\u00e9gales. La connexion [&hellip;]","og_url":"https:\/\/jonathan-lhuillier.fr\/graphiste\/mentions-legales\/","og_site_name":"Jonathan Lhuillier","article_publisher":"https:\/\/jonathan-lhuillier-graphiste.fr\/facebook","article_modified_time":"2023-02-07T21:43:42+00:00","og_image":[{"width":1920,"height":937,"url":"https:\/\/jonathan-lhuillier.fr\/graphiste\/wp-content\/uploads\/SnapGraphiste.jpg","type":"image\/jpeg"}],"twitter_card":"summary_large_image","twitter_site":"@JonaLhuillier","twitter_misc":{"Dur\u00e9e de lecture estim\u00e9e":"2 minutes"},"schema":{"@context":"https:\/\/schema.org","@graph":[{"@type":"WebPage","@id":"https:\/\/jonathan-lhuillier.fr\/graphiste\/mentions-legales\/","url":"https:\/\/jonathan-lhuillier.fr\/graphiste\/mentions-legales\/","name":"Mentions l\u00e9gales - Jonathan Lhuillier","isPartOf":{"@id":"https:\/\/jonathan-lhuillier.fr\/graphiste\/#website"},"datePublished":"2023-02-07T21:42:09+00:00","dateModified":"2023-02-07T21:43:42+00:00","breadcrumb":{"@id":"https:\/\/jonathan-lhuillier.fr\/graphiste\/mentions-legales\/#breadcrumb"},"inLanguage":"fr-FR","potentialAction":[{"@type":"ReadAction","target":["https:\/\/jonathan-lhuillier.fr\/graphiste\/mentions-legales\/"]}]},{"@type":"BreadcrumbList","@id":"https:\/\/jonathan-lhuillier.fr\/graphiste\/mentions-legales\/#breadcrumb","itemListElement":[{"@type":"ListItem","position":1,"name":"Accueil","item":"https:\/\/jonathan-lhuillier.fr\/graphiste\/"},{"@type":"ListItem","position":2,"name":"Mentions l\u00e9gales"}]},{"@type":"WebSite","@id":"https:\/\/jonathan-lhuillier.fr\/graphiste\/#website","url":"https:\/\/jonathan-lhuillier.fr\/graphiste\/","name":"Jonathan Lhuillier","description":"Graphiste Ind\u00e9pendant","publisher":{"@id":"https:\/\/jonathan-lhuillier.fr\/graphiste\/#\/schema\/person\/b5c3605f3204adcd524ec499e1cc33e2"},"potentialAction":[{"@type":"SearchAction","target":{"@type":"EntryPoint","urlTemplate":"https:\/\/jonathan-lhuillier.fr\/graphiste\/?s={search_term_string}"},"query-input":{"@type":"PropertyValueSpecification","valueRequired":true,"valueName":"search_term_string"}}],"inLanguage":"fr-FR"},{"@type":["Person","Organization"],"@id":"https:\/\/jonathan-lhuillier.fr\/graphiste\/#\/schema\/person\/b5c3605f3204adcd524ec499e1cc33e2","name":"Jonathan Lhuillier","image":{"@type":"ImageObject","inLanguage":"fr-FR","@id":"https:\/\/jonathan-lhuillier.fr\/graphiste\/wp-content\/uploads\/Logo-Graphiste-Nouveau.png","url":"https:\/\/jonathan-lhuillier.fr\/graphiste\/wp-content\/uploads\/Logo-Graphiste-Nouveau.png","contentUrl":"https:\/\/jonathan-lhuillier.fr\/graphiste\/wp-content\/uploads\/Logo-Graphiste-Nouveau.png","width":1000,"height":1000,"caption":"Jonathan Lhuillier"},"logo":{"@id":"https:\/\/jonathan-lhuillier.fr\/graphiste\/wp-content\/uploads\/Logo-Graphiste-Nouveau.png"},"sameAs":["https:\/\/jonathan-lhuillier.fr\/","https:\/\/jonathan-lhuillier-graphiste.fr\/facebook","https:\/\/www.instagram.com\/jonalhuillier","https:\/\/x.com\/JonaLhuillier"]}]}},"_links":{"self":[{"href":"https:\/\/jonathan-lhuillier.fr\/graphiste\/wp-json\/wp\/v2\/pages\/3058","targetHints":{"allow":["GET"]}}],"collection":[{"href":"https:\/\/jonathan-lhuillier.fr\/graphiste\/wp-json\/wp\/v2\/pages"}],"about":[{"href":"https:\/\/jonathan-lhuillier.fr\/graphiste\/wp-json\/wp\/v2\/types\/page"}],"author":[{"embeddable":true,"href":"https:\/\/jonathan-lhuillier.fr\/graphiste\/wp-json\/wp\/v2\/users\/2"}],"replies":[{"embeddable":true,"href":"https:\/\/jonathan-lhuillier.fr\/graphiste\/wp-json\/wp\/v2\/comments?post=3058"}],"version-history":[{"count":0,"href":"https:\/\/jonathan-lhuillier.fr\/graphiste\/wp-json\/wp\/v2\/pages\/3058\/revisions"}],"wp:attachment":[{"href":"https:\/\/jonathan-lhuillier.fr\/graphiste\/wp-json\/wp\/v2\/media?parent=3058"}],"curies":[{"name":"wp","href":"https:\/\/api.w.org\/{rel}","templated":true}]}}