{"id":1204,"date":"2021-07-06T13:11:16","date_gmt":"2021-07-06T11:11:16","guid":{"rendered":"https:\/\/jonathan-lhuillier.fr\/graphiste\/?page_id=1204"},"modified":"2023-02-07T22:23:50","modified_gmt":"2023-02-07T21:23:50","slug":"cgv","status":"publish","type":"page","link":"https:\/\/jonathan-lhuillier.fr\/graphiste\/cgv\/","title":{"rendered":"Conditions G\u00e9n\u00e9rales de Vente"},"content":{"rendered":"\t\t<div data-elementor-type=\"wp-page\" data-elementor-id=\"1204\" class=\"elementor elementor-1204\">\n\t\t\t\t\t\t<section class=\"elementor-section elementor-top-section elementor-element elementor-element-72eba21f elementor-section-boxed elementor-section-height-default elementor-section-height-default\" data-id=\"72eba21f\" data-element_type=\"section\" data-e-type=\"section\" data-settings=\"{&quot;tmea_shape_divider_top&quot;:&quot;none&quot;,&quot;tmea_shape_divider_bottom&quot;:&quot;none&quot;}\">\n\t\t\t\t\t\t<div class=\"elementor-container elementor-column-gap-default\">\n\t\t\t\t\t<div class=\"elementor-column elementor-col-100 elementor-top-column elementor-element elementor-element-7d2205da\" data-id=\"7d2205da\" data-element_type=\"column\" data-e-type=\"column\">\n\t\t\t<div class=\"elementor-widget-wrap elementor-element-populated\">\n\t\t\t\t\n\t\t<div class=\"elementor-element elementor-element-1c8d4955 elementor-widget elementor-widget-text-editor\" data-id=\"1c8d4955\" data-element_type=\"widget\" data-e-type=\"widget\" data-widget_type=\"text-editor.default\">\n\t\t\t\t<div class=\"elementor-widget-container\">\n\t\t\t\t\t\t\t\t\t<h2>D\u00c9FINITION DES PARTIES<\/h2><p>Entre la Soci\u00e9t\u00e9 Jonathan Lhuillier &#8211; Graphiste Ind\u00e9pendant,<br \/>au Capital Social de 0\u20ac,<br \/>immatricul\u00e9e au Registre du Commerce et des Soci\u00e9t\u00e9s de l\u2019Aube,<br \/>sous le num\u00e9ro SIRET 84897231100015,<br \/>repr\u00e9sent\u00e9e par Jonathan Lhuillier<br \/>en qualit\u00e9 de g\u00e9rant, d\u00fbment habilit\u00e9 aux fins des pr\u00e9sentes.<br \/>La soci\u00e9t\u00e9 peut \u00eatre jointe par email en cliquant sur le formulaire de contact accessible via la page d\u2019accueil du site.<br \/>Ci-apr\u00e8s le \u00ab Vendeur \u00bb ou la \u00ab Soci\u00e9t\u00e9 \u00bb.<br \/>D\u2019une part,<br \/>Et la personne physique ou morale proc\u00e9dant \u00e0 l\u2019achat de produits ou services de la soci\u00e9t\u00e9,<br \/>Ci-apr\u00e8s, \u00ab l\u2019Acheteur \u00bb, ou \u00ab le Client \u00bb<br \/>D\u2019autre part,<br \/>Il a \u00e9t\u00e9 expos\u00e9 et convenu ce qui suit :<\/p><p><span style=\"color: #333333; font-size: 20px; font-weight: 600;\">PR\u00c9AMBULE<\/span><\/p><p>Le Vendeur est \u00e9diteur de produits et de services de graphisme commercialis\u00e9s par l\u2019interm\u00e9diaire de son site Internet (https:\/\/jonathan-lhuillier.fr\/graphiste\/). La liste et le descriptif des biens et services propos\u00e9s par la Soci\u00e9t\u00e9 peuvent \u00eatre consult\u00e9s sur le site susmentionn\u00e9 ainsi que ses pages de vente.<br \/>Toutes les clauses figurant dans les pr\u00e9sentes conditions g\u00e9n\u00e9rales de vente, ainsi que toutes les op\u00e9rations d\u2019achat et de vente qui y sont vis\u00e9es, seront soumises au droit fran\u00e7ais.<\/p><p>ARTICLE 1 &#8211; OBJET<br \/>Les pr\u00e9sentes Conditions G\u00e9n\u00e9rales de Vente d\u00e9terminent les droits et obligations des parties dans le cadre de la vente en ligne de Produits et de Services propos\u00e9s par le Vendeur.<\/p><p>ARTICLE 2 &#8211; DISPOSITIONS G\u00c9N\u00c9RALES<br \/>Les pr\u00e9sentes Conditions G\u00e9n\u00e9rales de Vente (CGV) s\u2019appliquent \u00e0 toutes les ventes de Produits, ou Services effectu\u00e9es au travers du site Internet de la Soci\u00e9t\u00e9 et sont partie int\u00e9grante du Contrat entre l\u2019Acheteur et le Vendeur. Le Vendeur se r\u00e9serve la possibilit\u00e9 de modifier les pr\u00e9sentes, \u00e0 tout moment par la publication d\u2019une nouvelle version sur son site Internet. Les CGV applicables alors sont celles \u00e9tant en vigueur \u00e0 la date du paiement (ou du premier paiement en cas de paiements multiples) de la commande. Ces CGV sont consultables sur le site Internet de la Soci\u00e9t\u00e9 \u00e0 l\u2019adresse suivante : https:\/\/jonathan-lhuillier.fr\/graphiste\/cgv\/. La Soci\u00e9t\u00e9 s\u2019assure \u00e9galement que leur acceptation soit claire et sans r\u00e9serve au moment de l\u2019achat. Le Client d\u00e9clare avoir pris connaissance de l\u2019ensemble des pr\u00e9sentes Conditions G\u00e9n\u00e9rales de Vente, et le cas \u00e9ch\u00e9ant des Conditions Particuli\u00e8res de Vente li\u00e9es \u00e0 un produit ou \u00e0 un service, et les accepter sans restriction ni r\u00e9serve. Le Client reconna\u00eet qu\u2019il a b\u00e9n\u00e9fici\u00e9 des conseils et informations n\u00e9cessaires afin de s\u2019assurer de l\u2019ad\u00e9quation de l\u2019offre \u00e0 ses besoins. Le Client d\u00e9clare \u00eatre en mesure de contracter l\u00e9galement en vertu des lois fran\u00e7aises ou valablement repr\u00e9senter la personne physique ou morale pour laquelle il s\u2019engage. Sauf preuve contraire les informations enregistr\u00e9es par la Soci\u00e9t\u00e9 constituent la preuve de l\u2019ensemble des transactions.<\/p><h2>ARTICLE 3 &#8211; PRIX<\/h2><p>TVA non applicable selon l\u2019article 293B du CGI.<br \/>Tous les prix sont exprim\u00e9s en Euros.<br \/>Les prix donn\u00e9s sur les devis sont valables trente jours. Le vendeur se r\u00e9serve le droit de modifier ses tarifs une fois pass\u00e9 ce d\u00e9lai.<br \/>Les \u00e9ventuelles prestations non convenues \u00e0 la commande pourront \u00eatre factur\u00e9es ou faire l\u2019objet d\u2019un nouveau devis.<\/p><h2>ARTICLE 4 &#8211; PAIEMENT<\/h2><p>Un acompte de 30% sera demand\u00e9 au client lors de la signature du devis et sans lequel la soci\u00e9t\u00e9 ne pourra pas commencer le travail.<br \/>Le client dispose d\u2019un d\u00e9lai maximal de trente jours d\u00e8s r\u00e9ception de la facture pour payer le solde de la commande. D\u00e8s le trente et uni\u00e8me jour, des p\u00e9nalit\u00e9s de retards, calcul\u00e9es selon le taux l\u00e9gal en vigueur, seront appliqu\u00e9es.<br \/>Sont accept\u00e9s les paiements pas : Virement Bancaire.<\/p><h2>ARTICLE 5 &#8211; MODALIT\u00c9S DE LIVRAISON<\/h2><p>Tout au long du processus de cr\u00e9ation, le client pourra recevoir des \u00e9chantillons en basse d\u00e9finition du travail du graphiste.<br \/>La finalit\u00e9 de la commande sera d\u00e9cid\u00e9e par le client \u00e0 l&#8217;aide de ces \u00e9chantillons en basse d\u00e9finition.<br \/>La version finale en haute d\u00e9finition du travail ne sera livr\u00e9e qu&#8217;\u00e0 la suite du paiement total de la commande.<br \/>Le paiement de la facture confirme la finalit\u00e9 de la commande et aucune modification (sauf erreur explicite du graphiste) ne pourra plus \u00eatre exig\u00e9e.<br \/>La version PSD (fichier source) ne sera jamais fournie avec la commande.<br \/>Si la version PSD (fichier source) est requise, elle entra\u00eenera des frais suppl\u00e9mentaires pour le client.<\/p><h2>ARTICLE 6 &#8211; D\u00c9LAI DE R\u00c9TRACTATION<\/h2><p>Conform\u00e9ment \u00e0 l\u2019article L. 121-20 du Code de la consommation, \u00ab le consommateur dispose d\u2019un d\u00e9lai de quatorze jours francs pour exercer son droit de r\u00e9tractation sans avoir \u00e0 justifier de motifs ni \u00e0 payer de p\u00e9nalit\u00e9s, \u00e0 l\u2019exception, le cas \u00e9ch\u00e9ant, des frais de retour \u00bb. \u00ab Le d\u00e9lai mentionn\u00e9 \u00e0 l\u2019alin\u00e9a pr\u00e9c\u00e9dent court \u00e0 compter de la r\u00e9ception pour les biens ou de l\u2019acceptation de l\u2019offre pour les prestations de services \u00bb. Le droit de r\u00e9tractation peut \u00eatre exerc\u00e9 en contactant la Soci\u00e9t\u00e9 par email ou t\u00e9l\u00e9phone. En cas d\u2019exercice du droit de r\u00e9tractation dans le d\u00e9lai susmentionn\u00e9, seul le prix du ou des produits achet\u00e9s et les frais d\u2019envoi seront rembours\u00e9s, les frais de retour restent \u00e0 la charge du Client. Les retours des produits sont \u00e0 effectuer dans leur \u00e9tat d\u2019origine et complets (emballage, accessoires, notice\u2026) de sorte qu\u2019ils puissent \u00eatre recommercialis\u00e9s \u00e0 l\u2019\u00e9tat neuf ; ils doivent si possible \u00eatre accompagn\u00e9s d\u2019une copie du justificatif d\u2019achat.<br \/>Si la commande de services est livr\u00e9e et sold\u00e9e avant les quatorze jours l\u00e9gaux, vous acceptez renoncer \u00e0 votre d\u00e9lai de r\u00e9tractation.<\/p><h2>ARTICLE 7 &#8211; COPYRIGHT<\/h2><p>Tous les produits et services vendus par Jonathan Lhuillier &#8211; Graphiste Ind\u00e9pendant, sont soumises aux lois internationales du copyright.<br \/>Les marques, noms de domaines, produits, logiciels, images, vid\u00e9os, textes ou plus g\u00e9n\u00e9ralement toute information objet de droits de propri\u00e9t\u00e9 intellectuelle sont et restent la propri\u00e9t\u00e9 exclusive du vendeur. Aucune cession de droits de propri\u00e9t\u00e9 intellectuelle n\u2019est r\u00e9alis\u00e9e au travers des pr\u00e9sentes CGV.<br \/>Toute reproduction totale ou partielle, modification ou utilisation de ces biens pour quelque motif que ce soit est strictement interdite.<br \/>Comme le veut la loi, Jonathan Lhuillier reste enti\u00e8rement propri\u00e9taire des droits d\u2019auteur de son travail et toutes modifications ou utilisations non convenues \u00e0 la commande devront obtenir son accord (modification de la couverture, utilisation du visuel sur un produit d\u00e9riv\u00e9, changement d&#8217;\u00e9diteur, etc.).<br \/>Concernant les couvertures, <b>les mentions suivantes devront obligatoirement appara\u00eetre \u00e0 l\u2019int\u00e9rieur du livre papier et\/ou num\u00e9rique : Couverture r\u00e9alis\u00e9e par Jonathan Lhuillier &#8211; Graphiste Ind\u00e9pendant (https:\/\/jonathan-lhuillier.fr\/graphiste\/).<\/b><\/p><h2>ARTICLE 8 &#8211; R\u00c9F\u00c9RENCEMENT<\/h2><p>Jonathan Lhuillier &#8211; Graphiste Ind\u00e9pendant se r\u00e9serve le droit de mentionner et d\u2019utiliser sa r\u00e9alisation \u00e0 des fins de prospection commerciale, de communication externe ou encore de publicit\u00e9 (dans son Portfolio, par exemple, ou encore sur DeviantArt).<br \/>Le client a le droit de s\u2019y opposer en expliquant sa demande par courrier recommand\u00e9.<\/p><h2>ARTICLE 9 &#8211; FORCE MAJEURE<\/h2><p>L\u2019ex\u00e9cution des obligations du vendeur au terme des pr\u00e9sentes est suspendue en cas de survenance d\u2019un cas fortuit ou de force majeure qui en emp\u00eacherait l\u2019ex\u00e9cution. Le vendeur avisera le client de la survenance d\u2019un tel \u00e9v\u00e8nement d\u00e8s que possible.<\/p><h2>ARTICLE 10 &#8211; NULLIT\u00c9 ET MODIFICATION DU CONTRAT<\/h2><p>Si l\u2019une des stipulations du pr\u00e9sent contrat \u00e9tait annul\u00e9e, cette nullit\u00e9 n\u2019entra\u00eenerait pas la nullit\u00e9 des autres stipulations qui demeureront en vigueur entre les parties. Toute modification contractuelle n\u2019est valable qu\u2019apr\u00e8s un accord \u00e9crit et sign\u00e9 des parties.<\/p><h2>ARTICLE 11 &#8211; RGPD ET PROTECTION DES DONN\u00c9ES PERSONNELLES<\/h2><p>Conform\u00e9ment au r\u00e8glement europ\u00e9en en mati\u00e8re de protection des donn\u00e9es personnelles, vous disposez des droits d\u2019interrogation, d\u2019acc\u00e8s, de modification, d\u2019opposition et de rectification sur les donn\u00e9es personnelles vous concernant. En adh\u00e9rant \u00e0 ces conditions g\u00e9n\u00e9rales de vente, vous consentez \u00e0 ce que nous collections et utilisions ces donn\u00e9es pour l\u2019ex\u00e9cution du pr\u00e9sent contrat.<br \/>Vos donn\u00e9es personnelles, renseign\u00e9es \u00e0 la commande, ne seront conserv\u00e9es pas la soci\u00e9t\u00e9 qu\u2019\u00e0 des fins de gestion du compte client.<\/p>\t\t\t\t\t\t\t\t<\/div>\n\t\t\t\t<\/div>\n\t\t\t\t\t<\/div>\n\t\t<\/div>\n\t\t\t\t\t<\/div>\n\t\t<\/section>\n\t\t\t\t<\/div>\n\t\t","protected":false},"excerpt":{"rendered":"<p>D\u00c9FINITION DES PARTIES Entre la Soci\u00e9t\u00e9 Jonathan Lhuillier &#8211; Graphiste Ind\u00e9pendant,au Capital Social de 0\u20ac,immatricul\u00e9e au Registre du Commerce et des Soci\u00e9t\u00e9s de l\u2019Aube,sous le num\u00e9ro SIRET 84897231100015,repr\u00e9sent\u00e9e par Jonathan Lhuillieren qualit\u00e9 de g\u00e9rant, d\u00fbment habilit\u00e9 aux fins des pr\u00e9sentes.La soci\u00e9t\u00e9 peut \u00eatre jointe par email en cliquant sur le formulaire de contact accessible via [&hellip;]<\/p>\n","protected":false},"author":2,"featured_media":0,"parent":0,"menu_order":0,"comment_status":"closed","ping_status":"closed","template":"","meta":{"ocean_post_layout":"","ocean_both_sidebars_style":"","ocean_both_sidebars_content_width":0,"ocean_both_sidebars_sidebars_width":0,"ocean_sidebar":"","ocean_second_sidebar":"","ocean_disable_margins":"enable","ocean_add_body_class":"","ocean_shortcode_before_top_bar":"","ocean_shortcode_after_top_bar":"","ocean_shortcode_before_header":"","ocean_shortcode_after_header":"","ocean_has_shortcode":"","ocean_shortcode_after_title":"","ocean_shortcode_before_footer_widgets":"","ocean_shortcode_after_footer_widgets":"","ocean_shortcode_before_footer_bottom":"","ocean_shortcode_after_footer_bottom":"","ocean_display_top_bar":"default","ocean_display_header":"default","ocean_header_style":"","ocean_center_header_left_menu":"","ocean_custom_header_template":"","ocean_custom_logo":0,"ocean_custom_retina_logo":0,"ocean_custom_logo_max_width":0,"ocean_custom_logo_tablet_max_width":0,"ocean_custom_logo_mobile_max_width":0,"ocean_custom_logo_max_height":0,"ocean_custom_logo_tablet_max_height":0,"ocean_custom_logo_mobile_max_height":0,"ocean_header_custom_menu":"","ocean_menu_typo_font_family":"","ocean_menu_typo_font_subset":"","ocean_menu_typo_font_size":0,"ocean_menu_typo_font_size_tablet":0,"ocean_menu_typo_font_size_mobile":0,"ocean_menu_typo_font_size_unit":"px","ocean_menu_typo_font_weight":"","ocean_menu_typo_font_weight_tablet":"","ocean_menu_typo_font_weight_mobile":"","ocean_menu_typo_transform":"","ocean_menu_typo_transform_tablet":"","ocean_menu_typo_transform_mobile":"","ocean_menu_typo_line_height":0,"ocean_menu_typo_line_height_tablet":0,"ocean_menu_typo_line_height_mobile":0,"ocean_menu_typo_line_height_unit":"","ocean_menu_typo_spacing":0,"ocean_menu_typo_spacing_tablet":0,"ocean_menu_typo_spacing_mobile":0,"ocean_menu_typo_spacing_unit":"","ocean_menu_link_color":"","ocean_menu_link_color_hover":"","ocean_menu_link_color_active":"","ocean_menu_link_background":"","ocean_menu_link_hover_background":"","ocean_menu_link_active_background":"","ocean_menu_social_links_bg":"","ocean_menu_social_hover_links_bg":"","ocean_menu_social_links_color":"","ocean_menu_social_hover_links_color":"","ocean_disable_title":"default","ocean_disable_heading":"default","ocean_post_title":"","ocean_post_subheading":"","ocean_post_title_style":"","ocean_post_title_background_color":"","ocean_post_title_background":0,"ocean_post_title_bg_image_position":"","ocean_post_title_bg_image_attachment":"","ocean_post_title_bg_image_repeat":"","ocean_post_title_bg_image_size":"","ocean_post_title_height":0,"ocean_post_title_bg_overlay":0.5,"ocean_post_title_bg_overlay_color":"","ocean_disable_breadcrumbs":"default","ocean_breadcrumbs_color":"","ocean_breadcrumbs_separator_color":"","ocean_breadcrumbs_links_color":"","ocean_breadcrumbs_links_hover_color":"","ocean_display_footer_widgets":"default","ocean_display_footer_bottom":"default","ocean_custom_footer_template":"","footnotes":""},"class_list":["post-1204","page","type-page","status-publish","hentry","entry"],"yoast_head":"<!-- This site is optimized with the Yoast SEO plugin v27.3 - https:\/\/yoast.com\/product\/yoast-seo-wordpress\/ -->\n<title>Conditions G\u00e9n\u00e9rales de Vente - Jonathan Lhuillier<\/title>\n<meta name=\"robots\" content=\"noindex, nofollow\" \/>\n<meta property=\"og:locale\" content=\"fr_FR\" \/>\n<meta property=\"og:type\" content=\"article\" \/>\n<meta property=\"og:title\" content=\"Conditions G\u00e9n\u00e9rales de Vente - Jonathan Lhuillier\" \/>\n<meta property=\"og:description\" content=\"D\u00c9FINITION DES PARTIES Entre la Soci\u00e9t\u00e9 Jonathan Lhuillier &#8211; Graphiste Ind\u00e9pendant,au Capital Social de 0\u20ac,immatricul\u00e9e au Registre du Commerce et des Soci\u00e9t\u00e9s de l\u2019Aube,sous le num\u00e9ro SIRET 84897231100015,repr\u00e9sent\u00e9e par Jonathan Lhuillieren qualit\u00e9 de g\u00e9rant, d\u00fbment habilit\u00e9 aux fins des pr\u00e9sentes.La soci\u00e9t\u00e9 peut \u00eatre jointe par email en cliquant sur le formulaire de contact accessible via [&hellip;]\" \/>\n<meta property=\"og:url\" content=\"https:\/\/jonathan-lhuillier.fr\/graphiste\/cgv\/\" \/>\n<meta property=\"og:site_name\" content=\"Jonathan Lhuillier\" \/>\n<meta property=\"article:publisher\" content=\"https:\/\/jonathan-lhuillier-graphiste.fr\/facebook\" \/>\n<meta property=\"article:modified_time\" content=\"2023-02-07T21:23:50+00:00\" \/>\n<meta property=\"og:image\" content=\"https:\/\/jonathan-lhuillier.fr\/graphiste\/wp-content\/uploads\/SnapGraphiste.jpg\" \/>\n\t<meta property=\"og:image:width\" content=\"1920\" \/>\n\t<meta property=\"og:image:height\" content=\"937\" \/>\n\t<meta property=\"og:image:type\" content=\"image\/jpeg\" \/>\n<meta name=\"twitter:card\" content=\"summary_large_image\" \/>\n<meta name=\"twitter:site\" content=\"@JonaLhuillier\" \/>\n<meta name=\"twitter:label1\" content=\"Dur\u00e9e de lecture estim\u00e9e\" \/>\n\t<meta name=\"twitter:data1\" content=\"7 minutes\" \/>\n<script type=\"application\/ld+json\" class=\"yoast-schema-graph\">{\"@context\":\"https:\\\/\\\/schema.org\",\"@graph\":[{\"@type\":\"WebPage\",\"@id\":\"https:\\\/\\\/jonathan-lhuillier.fr\\\/graphiste\\\/cgv\\\/\",\"url\":\"https:\\\/\\\/jonathan-lhuillier.fr\\\/graphiste\\\/cgv\\\/\",\"name\":\"Conditions G\u00e9n\u00e9rales de Vente - Jonathan Lhuillier\",\"isPartOf\":{\"@id\":\"https:\\\/\\\/jonathan-lhuillier.fr\\\/graphiste\\\/#website\"},\"datePublished\":\"2021-07-06T11:11:16+00:00\",\"dateModified\":\"2023-02-07T21:23:50+00:00\",\"breadcrumb\":{\"@id\":\"https:\\\/\\\/jonathan-lhuillier.fr\\\/graphiste\\\/cgv\\\/#breadcrumb\"},\"inLanguage\":\"fr-FR\",\"potentialAction\":[{\"@type\":\"ReadAction\",\"target\":[\"https:\\\/\\\/jonathan-lhuillier.fr\\\/graphiste\\\/cgv\\\/\"]}]},{\"@type\":\"BreadcrumbList\",\"@id\":\"https:\\\/\\\/jonathan-lhuillier.fr\\\/graphiste\\\/cgv\\\/#breadcrumb\",\"itemListElement\":[{\"@type\":\"ListItem\",\"position\":1,\"name\":\"Accueil\",\"item\":\"https:\\\/\\\/jonathan-lhuillier.fr\\\/graphiste\\\/\"},{\"@type\":\"ListItem\",\"position\":2,\"name\":\"Conditions G\u00e9n\u00e9rales de Vente\"}]},{\"@type\":\"WebSite\",\"@id\":\"https:\\\/\\\/jonathan-lhuillier.fr\\\/graphiste\\\/#website\",\"url\":\"https:\\\/\\\/jonathan-lhuillier.fr\\\/graphiste\\\/\",\"name\":\"Jonathan Lhuillier\",\"description\":\"Graphiste Ind\u00e9pendant\",\"publisher\":{\"@id\":\"https:\\\/\\\/jonathan-lhuillier.fr\\\/graphiste\\\/#\\\/schema\\\/person\\\/b5c3605f3204adcd524ec499e1cc33e2\"},\"potentialAction\":[{\"@type\":\"SearchAction\",\"target\":{\"@type\":\"EntryPoint\",\"urlTemplate\":\"https:\\\/\\\/jonathan-lhuillier.fr\\\/graphiste\\\/?s={search_term_string}\"},\"query-input\":{\"@type\":\"PropertyValueSpecification\",\"valueRequired\":true,\"valueName\":\"search_term_string\"}}],\"inLanguage\":\"fr-FR\"},{\"@type\":[\"Person\",\"Organization\"],\"@id\":\"https:\\\/\\\/jonathan-lhuillier.fr\\\/graphiste\\\/#\\\/schema\\\/person\\\/b5c3605f3204adcd524ec499e1cc33e2\",\"name\":\"Jonathan Lhuillier\",\"image\":{\"@type\":\"ImageObject\",\"inLanguage\":\"fr-FR\",\"@id\":\"https:\\\/\\\/jonathan-lhuillier.fr\\\/graphiste\\\/wp-content\\\/uploads\\\/Logo-Graphiste-Nouveau.png\",\"url\":\"https:\\\/\\\/jonathan-lhuillier.fr\\\/graphiste\\\/wp-content\\\/uploads\\\/Logo-Graphiste-Nouveau.png\",\"contentUrl\":\"https:\\\/\\\/jonathan-lhuillier.fr\\\/graphiste\\\/wp-content\\\/uploads\\\/Logo-Graphiste-Nouveau.png\",\"width\":1000,\"height\":1000,\"caption\":\"Jonathan Lhuillier\"},\"logo\":{\"@id\":\"https:\\\/\\\/jonathan-lhuillier.fr\\\/graphiste\\\/wp-content\\\/uploads\\\/Logo-Graphiste-Nouveau.png\"},\"sameAs\":[\"https:\\\/\\\/jonathan-lhuillier.fr\\\/\",\"https:\\\/\\\/jonathan-lhuillier-graphiste.fr\\\/facebook\",\"https:\\\/\\\/www.instagram.com\\\/jonalhuillier\",\"https:\\\/\\\/x.com\\\/JonaLhuillier\"]}]}<\/script>\n<!-- \/ Yoast SEO plugin. -->","yoast_head_json":{"title":"Conditions G\u00e9n\u00e9rales de Vente - Jonathan Lhuillier","robots":{"index":"noindex","follow":"nofollow"},"og_locale":"fr_FR","og_type":"article","og_title":"Conditions G\u00e9n\u00e9rales de Vente - Jonathan Lhuillier","og_description":"D\u00c9FINITION DES PARTIES Entre la Soci\u00e9t\u00e9 Jonathan Lhuillier &#8211; Graphiste Ind\u00e9pendant,au Capital Social de 0\u20ac,immatricul\u00e9e au Registre du Commerce et des Soci\u00e9t\u00e9s de l\u2019Aube,sous le num\u00e9ro SIRET 84897231100015,repr\u00e9sent\u00e9e par Jonathan Lhuillieren qualit\u00e9 de g\u00e9rant, d\u00fbment habilit\u00e9 aux fins des pr\u00e9sentes.La soci\u00e9t\u00e9 peut \u00eatre jointe par email en cliquant sur le formulaire de contact accessible via [&hellip;]","og_url":"https:\/\/jonathan-lhuillier.fr\/graphiste\/cgv\/","og_site_name":"Jonathan Lhuillier","article_publisher":"https:\/\/jonathan-lhuillier-graphiste.fr\/facebook","article_modified_time":"2023-02-07T21:23:50+00:00","og_image":[{"width":1920,"height":937,"url":"https:\/\/jonathan-lhuillier.fr\/graphiste\/wp-content\/uploads\/SnapGraphiste.jpg","type":"image\/jpeg"}],"twitter_card":"summary_large_image","twitter_site":"@JonaLhuillier","twitter_misc":{"Dur\u00e9e de lecture estim\u00e9e":"7 minutes"},"schema":{"@context":"https:\/\/schema.org","@graph":[{"@type":"WebPage","@id":"https:\/\/jonathan-lhuillier.fr\/graphiste\/cgv\/","url":"https:\/\/jonathan-lhuillier.fr\/graphiste\/cgv\/","name":"Conditions G\u00e9n\u00e9rales de Vente - Jonathan Lhuillier","isPartOf":{"@id":"https:\/\/jonathan-lhuillier.fr\/graphiste\/#website"},"datePublished":"2021-07-06T11:11:16+00:00","dateModified":"2023-02-07T21:23:50+00:00","breadcrumb":{"@id":"https:\/\/jonathan-lhuillier.fr\/graphiste\/cgv\/#breadcrumb"},"inLanguage":"fr-FR","potentialAction":[{"@type":"ReadAction","target":["https:\/\/jonathan-lhuillier.fr\/graphiste\/cgv\/"]}]},{"@type":"BreadcrumbList","@id":"https:\/\/jonathan-lhuillier.fr\/graphiste\/cgv\/#breadcrumb","itemListElement":[{"@type":"ListItem","position":1,"name":"Accueil","item":"https:\/\/jonathan-lhuillier.fr\/graphiste\/"},{"@type":"ListItem","position":2,"name":"Conditions G\u00e9n\u00e9rales de Vente"}]},{"@type":"WebSite","@id":"https:\/\/jonathan-lhuillier.fr\/graphiste\/#website","url":"https:\/\/jonathan-lhuillier.fr\/graphiste\/","name":"Jonathan Lhuillier","description":"Graphiste Ind\u00e9pendant","publisher":{"@id":"https:\/\/jonathan-lhuillier.fr\/graphiste\/#\/schema\/person\/b5c3605f3204adcd524ec499e1cc33e2"},"potentialAction":[{"@type":"SearchAction","target":{"@type":"EntryPoint","urlTemplate":"https:\/\/jonathan-lhuillier.fr\/graphiste\/?s={search_term_string}"},"query-input":{"@type":"PropertyValueSpecification","valueRequired":true,"valueName":"search_term_string"}}],"inLanguage":"fr-FR"},{"@type":["Person","Organization"],"@id":"https:\/\/jonathan-lhuillier.fr\/graphiste\/#\/schema\/person\/b5c3605f3204adcd524ec499e1cc33e2","name":"Jonathan Lhuillier","image":{"@type":"ImageObject","inLanguage":"fr-FR","@id":"https:\/\/jonathan-lhuillier.fr\/graphiste\/wp-content\/uploads\/Logo-Graphiste-Nouveau.png","url":"https:\/\/jonathan-lhuillier.fr\/graphiste\/wp-content\/uploads\/Logo-Graphiste-Nouveau.png","contentUrl":"https:\/\/jonathan-lhuillier.fr\/graphiste\/wp-content\/uploads\/Logo-Graphiste-Nouveau.png","width":1000,"height":1000,"caption":"Jonathan Lhuillier"},"logo":{"@id":"https:\/\/jonathan-lhuillier.fr\/graphiste\/wp-content\/uploads\/Logo-Graphiste-Nouveau.png"},"sameAs":["https:\/\/jonathan-lhuillier.fr\/","https:\/\/jonathan-lhuillier-graphiste.fr\/facebook","https:\/\/www.instagram.com\/jonalhuillier","https:\/\/x.com\/JonaLhuillier"]}]}},"_links":{"self":[{"href":"https:\/\/jonathan-lhuillier.fr\/graphiste\/wp-json\/wp\/v2\/pages\/1204","targetHints":{"allow":["GET"]}}],"collection":[{"href":"https:\/\/jonathan-lhuillier.fr\/graphiste\/wp-json\/wp\/v2\/pages"}],"about":[{"href":"https:\/\/jonathan-lhuillier.fr\/graphiste\/wp-json\/wp\/v2\/types\/page"}],"author":[{"embeddable":true,"href":"https:\/\/jonathan-lhuillier.fr\/graphiste\/wp-json\/wp\/v2\/users\/2"}],"replies":[{"embeddable":true,"href":"https:\/\/jonathan-lhuillier.fr\/graphiste\/wp-json\/wp\/v2\/comments?post=1204"}],"version-history":[{"count":0,"href":"https:\/\/jonathan-lhuillier.fr\/graphiste\/wp-json\/wp\/v2\/pages\/1204\/revisions"}],"wp:attachment":[{"href":"https:\/\/jonathan-lhuillier.fr\/graphiste\/wp-json\/wp\/v2\/media?parent=1204"}],"curies":[{"name":"wp","href":"https:\/\/api.w.org\/{rel}","templated":true}]}}