{"id":1022,"date":"2021-07-03T11:07:00","date_gmt":"2021-07-03T09:07:00","guid":{"rendered":"https:\/\/jonathan-lhuillier.fr\/graphiste\/?page_id=1022"},"modified":"2024-01-19T16:00:47","modified_gmt":"2024-01-19T15:00:47","slug":"couvertures-preconcues","status":"publish","type":"page","link":"https:\/\/jonathan-lhuillier.fr\/graphiste\/services\/couvertures-preconcues\/","title":{"rendered":"Couvertures Pr\u00e9con\u00e7ues"},"content":{"rendered":"\t\t<div data-elementor-type=\"wp-page\" data-elementor-id=\"1022\" class=\"elementor elementor-1022\">\n\t\t\t\t\t\t<section class=\"elementor-section elementor-top-section elementor-element elementor-element-1f3c57c elementor-section-full_width elementor-section-height-default elementor-section-height-default\" data-id=\"1f3c57c\" data-element_type=\"section\" data-e-type=\"section\" data-settings=\"{&quot;tmea_shape_divider_top&quot;:&quot;none&quot;,&quot;tmea_shape_divider_bottom&quot;:&quot;none&quot;}\">\n\t\t\t\t\t\t<div class=\"elementor-container elementor-column-gap-no\">\n\t\t\t\t\t<div class=\"elementor-column elementor-col-50 elementor-top-column elementor-element elementor-element-2ff34ae\" data-id=\"2ff34ae\" data-element_type=\"column\" data-e-type=\"column\" data-settings=\"{&quot;background_background&quot;:&quot;classic&quot;}\">\n\t\t\t<div class=\"elementor-widget-wrap elementor-element-populated\">\n\t\t\t\t\n\t\t<div class=\"elementor-element elementor-element-f3c839d elementor-widget elementor-widget-mdp-galerie-elementor\" data-id=\"f3c839d\" data-element_type=\"widget\" data-e-type=\"widget\" data-widget_type=\"mdp-galerie-elementor.default\">\n\t\t\t\t<div class=\"elementor-widget-container\">\n\t\t\t\t\t <!-- Start Galerie for Elementor WordPress Plugin -->\n                        <div class=\"mdp-galerie-elementor-box\" \n                        data-layout=\"grid\"\n                        data-image-animation=\"slide-down-hover\"\n                        data-filter-text-animation=\"none\"\n                        data-columns=\"2\" data-columns-mobile=\"3\" \n                        data-lazy-load=\"yes\"\n                        data-all-filter=\"\"\n                        >\n                            <div class=\"mdp-galerie-elementor-gallery-tabs\"><div class=\"mdp-galerie-elementor-filter-nav\">\n                      <div class=\"mdp-galerie-elementor-filter-nav-scroll mdp-galerie-elementor-filter-alignment-left\"><div data-index=\"0\" class=\"mdp-galerie-elementor-filter-item \"> <\/div><\/div>\n                    <\/div> <div class=\"mdp-galerie-elementor-content mdp-galerie-elementor-grid-layout\"><a data-filter=\"0\" class=\"mdp-galerie-elementor-gallery-image\" href=\"https:\/\/jonathan-lhuillier.fr\/graphiste\/wp-content\/uploads\/Premade-01-1.png\" data-elementor-open-lightbox=\"yes\">\n                              \n                              <img class=\"mdp-galerie-elementor-gallery-image-lazy\" data-src=https:\/\/jonathan-lhuillier.fr\/graphiste\/wp-content\/uploads\/Premade-01-1.png>\n                            <\/a> <a data-filter=\"0\" class=\"mdp-galerie-elementor-gallery-image\" href=\"https:\/\/jonathan-lhuillier.fr\/graphiste\/wp-content\/uploads\/Premade-02-2.png\" data-elementor-open-lightbox=\"yes\">\n                              \n                              <img class=\"mdp-galerie-elementor-gallery-image-lazy\" data-src=https:\/\/jonathan-lhuillier.fr\/graphiste\/wp-content\/uploads\/Premade-02-2.png>\n                            <\/a> <a data-filter=\"0\" class=\"mdp-galerie-elementor-gallery-image\" href=\"https:\/\/jonathan-lhuillier.fr\/graphiste\/wp-content\/uploads\/Premade-03.png\" data-elementor-open-lightbox=\"yes\">\n                              \n                              <img class=\"mdp-galerie-elementor-gallery-image-lazy\" data-src=https:\/\/jonathan-lhuillier.fr\/graphiste\/wp-content\/uploads\/Premade-03.png>\n                            <\/a> <a data-filter=\"0\" class=\"mdp-galerie-elementor-gallery-image\" href=\"https:\/\/jonathan-lhuillier.fr\/graphiste\/wp-content\/uploads\/Premade-04.png\" data-elementor-open-lightbox=\"yes\">\n                              \n                              <img class=\"mdp-galerie-elementor-gallery-image-lazy\" data-src=https:\/\/jonathan-lhuillier.fr\/graphiste\/wp-content\/uploads\/Premade-04.png>\n                            <\/a> <a data-filter=\"0\" class=\"mdp-galerie-elementor-gallery-image\" href=\"https:\/\/jonathan-lhuillier.fr\/graphiste\/wp-content\/uploads\/Premade-05.png\" data-elementor-open-lightbox=\"yes\">\n                              \n                              <img class=\"mdp-galerie-elementor-gallery-image-lazy\" data-src=https:\/\/jonathan-lhuillier.fr\/graphiste\/wp-content\/uploads\/Premade-05.png>\n                            <\/a><\/div><\/div>\n                        <\/div>\n                        <!-- End Galerie for Elementor WordPress Plugin -->\t\t\t\t<\/div>\n\t\t\t\t<\/div>\n\t\t\t\t\t<\/div>\n\t\t<\/div>\n\t\t\t\t<div class=\"elementor-column elementor-col-50 elementor-top-column elementor-element elementor-element-c014437\" data-id=\"c014437\" data-element_type=\"column\" data-e-type=\"column\" data-settings=\"{&quot;background_background&quot;:&quot;classic&quot;}\">\n\t\t\t<div class=\"elementor-widget-wrap elementor-element-populated\">\n\t\t\t\t\t\t<div class=\"elementor-element elementor-element-9ddbe4a elementor-widget elementor-widget-heading\" data-id=\"9ddbe4a\" data-element_type=\"widget\" data-e-type=\"widget\" data-widget_type=\"heading.default\">\n\t\t\t\t<div class=\"elementor-widget-container\">\n\t\t\t\t\t<h2 class=\"elementor-heading-title elementor-size-default\">Couvertures Pr\u00e9con\u00e7ues<\/h2>\t\t\t\t<\/div>\n\t\t\t\t<\/div>\n\t\t\t\t<div class=\"elementor-element elementor-element-a5e4c63 elementor-widget-divider--separator-type-pattern elementor-widget-divider--view-line elementor-widget elementor-widget-divider\" data-id=\"a5e4c63\" data-element_type=\"widget\" data-e-type=\"widget\" data-widget_type=\"divider.default\">\n\t\t\t\t<div class=\"elementor-widget-container\">\n\t\t\t\t\t\t\t<div class=\"elementor-divider\" style=\"--divider-pattern-url: url(&quot;data:image\/svg+xml,%3Csvg xmlns=&#039;http:\/\/www.w3.org\/2000\/svg&#039; preserveAspectRatio=&#039;none&#039; overflow=&#039;visible&#039; height=&#039;100%&#039; viewBox=&#039;0 0 24 24&#039; fill=&#039;none&#039; stroke=&#039;black&#039; stroke-width=&#039;1&#039; stroke-linecap=&#039;square&#039; stroke-miterlimit=&#039;10&#039;%3E%3Cpath d=&#039;M0,6c6,0,6,13,12,13S18,6,24,6&#039;\/%3E%3C\/svg%3E&quot;);\">\n\t\t\t<span class=\"elementor-divider-separator\">\n\t\t\t\t\t\t<\/span>\n\t\t<\/div>\n\t\t\t\t\t\t<\/div>\n\t\t\t\t<\/div>\n\t\t\t\t<div class=\"elementor-element elementor-element-dfbde53 elementor-drop-cap-yes elementor-drop-cap-view-default elementor-widget elementor-widget-text-editor\" data-id=\"dfbde53\" data-element_type=\"widget\" data-e-type=\"widget\" data-settings=\"{&quot;drop_cap&quot;:&quot;yes&quot;}\" data-widget_type=\"text-editor.default\">\n\t\t\t\t<div class=\"elementor-widget-container\">\n\t\t\t\t\t\t\t\t\t<p>Voici une s\u00e9lection de couvertures pr\u00e9con\u00e7ues et que vous pouvez acheter et utiliser pour votre propre projet.<\/p>\n<p>Elles sont toutes au prix mini de 80\u20ac, incluant la version broch\u00e9 et num\u00e9rique<\/p>\n<p>La personnalisation comprend l\u2019ajout de votre nom et du titre de votre roman. L\u2019ajout d\u2019un logo et\/ou d\u2019une phrase d\u2019accroche est \u00e9galement possible.<\/p>\n<p>Toute autre modification pourra \u00eatre discut\u00e9 avec moi, mais pourra entra\u00eener un surco\u00fbt selon la demande.<\/p>\n<p>Bien entendu, chaque couverture n\u2019est vendue qu\u2019une seule fois.<\/p>\n<p>Si vous avez la moindre question, n\u2019h\u00e9sitez pas \u00e0 me contacter.<\/p>\n<p>Pour passer commande, il vous suffit de m\u2019envoyer un mail en pr\u00e9cisant la couverture que vous souhaitez acheter, je vous fournirai mon RIB et vous demanderai les d\u00e9tails pour les modifications. Une fois le paiement re\u00e7u, j\u2019effectuerai la personnalisation et vous enverrai votre couverture avec la facture.<\/p>\t\t\t\t\t\t\t\t<\/div>\n\t\t\t\t<\/div>\n\t\t\t\t<div class=\"elementor-element elementor-element-169fa41 elementor-widget-divider--separator-type-pattern elementor-widget-divider--view-line elementor-widget elementor-widget-divider\" data-id=\"169fa41\" data-element_type=\"widget\" data-e-type=\"widget\" data-widget_type=\"divider.default\">\n\t\t\t\t<div class=\"elementor-widget-container\">\n\t\t\t\t\t\t\t<div class=\"elementor-divider\" style=\"--divider-pattern-url: url(&quot;data:image\/svg+xml,%3Csvg xmlns=&#039;http:\/\/www.w3.org\/2000\/svg&#039; preserveAspectRatio=&#039;none&#039; overflow=&#039;visible&#039; height=&#039;100%&#039; viewBox=&#039;0 0 24 24&#039; fill=&#039;none&#039; stroke=&#039;black&#039; stroke-width=&#039;1&#039; stroke-linecap=&#039;square&#039; stroke-miterlimit=&#039;10&#039;%3E%3Cpath d=&#039;M0,6c6,0,6,13,12,13S18,6,24,6&#039;\/%3E%3C\/svg%3E&quot;);\">\n\t\t\t<span class=\"elementor-divider-separator\">\n\t\t\t\t\t\t<\/span>\n\t\t<\/div>\n\t\t\t\t\t\t<\/div>\n\t\t\t\t<\/div>\n\t\t\t\t<div class=\"elementor-element elementor-element-f245ca6 elementor-widget elementor-widget-text-editor\" data-id=\"f245ca6\" data-element_type=\"widget\" data-e-type=\"widget\" data-widget_type=\"text-editor.default\">\n\t\t\t\t<div class=\"elementor-widget-container\">\n\t\t\t\t\t\t\t\t\t<p><strong>PRIX :<\/strong><\/p><p>80\u20ac<\/p>\n<p><strong>PERSONNALISATION :<\/strong><\/p><p>Titre, Nom, Logo, Phrase d&#8217;accroche<\/p>\n<p><strong>COMMANDE :<\/strong><\/p><p>Par mail<\/p>\n<p><strong>PAIEMENT :<\/strong><\/p><p>Par virement bancaire<\/p>\t\t\t\t\t\t\t\t<\/div>\n\t\t\t\t<\/div>\n\t\t\t\t<div class=\"elementor-element elementor-element-50fa725 elementor-widget elementor-widget-NameCreativeButtons\" data-id=\"50fa725\" data-element_type=\"widget\" data-e-type=\"widget\" data-widget_type=\"NameCreativeButtons.default\">\n\t\t\t\t<div class=\"elementor-widget-container\">\n\t\t\t\t\t\t\t\t\t\t<div class=\"cbtns-all-button-center\">\n\t\t\t\t\t\t<div class=\"cbtns-btn-one cbtns_creative_buttons \">\n\t\t\t\t<a href=\"https:\/\/jonathan-lhuillier.fr\/graphiste\/services\/\"><div class=\"cbtns-title\">Mes autres Services<\/div><\/a>\n\t\t\t<\/div>\n\t\t\t\t\t<\/div> <!-- Buttons Alignment -->\n\t\t\t\t\t\t<\/div>\n\t\t\t\t<\/div>\n\t\t\t\t\t<\/div>\n\t\t<\/div>\n\t\t\t\t\t<\/div>\n\t\t<\/section>\n\t\t\t\t<\/div>\n\t\t","protected":false},"excerpt":{"rendered":"<p>Couvertures Pr\u00e9con\u00e7ues Voici une s\u00e9lection de couvertures pr\u00e9con\u00e7ues et que vous pouvez acheter et utiliser pour votre propre projet. Elles sont toutes au prix mini de 80\u20ac, incluant la version broch\u00e9 et num\u00e9rique La personnalisation comprend l\u2019ajout de votre nom et du titre de votre roman. L\u2019ajout d\u2019un logo et\/ou d\u2019une phrase d\u2019accroche est \u00e9galement [&hellip;]<\/p>\n","protected":false},"author":2,"featured_media":3376,"parent":2597,"menu_order":0,"comment_status":"closed","ping_status":"closed","template":"","meta":{"ocean_post_layout":"","ocean_both_sidebars_style":"","ocean_both_sidebars_content_width":0,"ocean_both_sidebars_sidebars_width":0,"ocean_sidebar":"0","ocean_second_sidebar":"0","ocean_disable_margins":"enable","ocean_add_body_class":"","ocean_shortcode_before_top_bar":"","ocean_shortcode_after_top_bar":"","ocean_shortcode_before_header":"","ocean_shortcode_after_header":"","ocean_has_shortcode":"","ocean_shortcode_after_title":"","ocean_shortcode_before_footer_widgets":"","ocean_shortcode_after_footer_widgets":"","ocean_shortcode_before_footer_bottom":"","ocean_shortcode_after_footer_bottom":"","ocean_display_top_bar":"default","ocean_display_header":"default","ocean_header_style":"","ocean_center_header_left_menu":"0","ocean_custom_header_template":"0","ocean_custom_logo":0,"ocean_custom_retina_logo":0,"ocean_custom_logo_max_width":0,"ocean_custom_logo_tablet_max_width":0,"ocean_custom_logo_mobile_max_width":0,"ocean_custom_logo_max_height":0,"ocean_custom_logo_tablet_max_height":0,"ocean_custom_logo_mobile_max_height":0,"ocean_header_custom_menu":"0","ocean_menu_typo_font_family":"0","ocean_menu_typo_font_subset":"","ocean_menu_typo_font_size":0,"ocean_menu_typo_font_size_tablet":0,"ocean_menu_typo_font_size_mobile":0,"ocean_menu_typo_font_size_unit":"px","ocean_menu_typo_font_weight":"","ocean_menu_typo_font_weight_tablet":"","ocean_menu_typo_font_weight_mobile":"","ocean_menu_typo_transform":"","ocean_menu_typo_transform_tablet":"","ocean_menu_typo_transform_mobile":"","ocean_menu_typo_line_height":0,"ocean_menu_typo_line_height_tablet":0,"ocean_menu_typo_line_height_mobile":0,"ocean_menu_typo_line_height_unit":"","ocean_menu_typo_spacing":0,"ocean_menu_typo_spacing_tablet":0,"ocean_menu_typo_spacing_mobile":0,"ocean_menu_typo_spacing_unit":"","ocean_menu_link_color":"","ocean_menu_link_color_hover":"","ocean_menu_link_color_active":"","ocean_menu_link_background":"","ocean_menu_link_hover_background":"","ocean_menu_link_active_background":"","ocean_menu_social_links_bg":"","ocean_menu_social_hover_links_bg":"","ocean_menu_social_links_color":"","ocean_menu_social_hover_links_color":"","ocean_disable_title":"default","ocean_disable_heading":"default","ocean_post_title":"","ocean_post_subheading":"","ocean_post_title_style":"","ocean_post_title_background_color":"","ocean_post_title_background":0,"ocean_post_title_bg_image_position":"","ocean_post_title_bg_image_attachment":"","ocean_post_title_bg_image_repeat":"","ocean_post_title_bg_image_size":"","ocean_post_title_height":0,"ocean_post_title_bg_overlay":0.5,"ocean_post_title_bg_overlay_color":"","ocean_disable_breadcrumbs":"default","ocean_breadcrumbs_color":"","ocean_breadcrumbs_separator_color":"","ocean_breadcrumbs_links_color":"","ocean_breadcrumbs_links_hover_color":"","ocean_display_footer_widgets":"default","ocean_display_footer_bottom":"default","ocean_custom_footer_template":"0","footnotes":""},"class_list":["post-1022","page","type-page","status-publish","has-post-thumbnail","hentry","entry","has-media"],"yoast_head":"<!-- This site is optimized with the Yoast SEO plugin v27.3 - https:\/\/yoast.com\/product\/yoast-seo-wordpress\/ -->\n<title>Couvertures Pr\u00e9con\u00e7ues - Jonathan Lhuillier<\/title>\n<meta name=\"robots\" content=\"index, follow, max-snippet:-1, max-image-preview:large, max-video-preview:-1\" \/>\n<link rel=\"canonical\" href=\"https:\/\/jonathan-lhuillier.fr\/graphiste\/services\/couvertures-preconcues\/\" \/>\n<meta property=\"og:locale\" content=\"fr_FR\" \/>\n<meta property=\"og:type\" content=\"article\" \/>\n<meta property=\"og:title\" content=\"Couvertures Pr\u00e9con\u00e7ues - Jonathan Lhuillier\" \/>\n<meta property=\"og:description\" content=\"Couvertures Pr\u00e9con\u00e7ues Voici une s\u00e9lection de couvertures pr\u00e9con\u00e7ues et que vous pouvez acheter et utiliser pour votre propre projet. Elles sont toutes au prix mini de 80\u20ac, incluant la version broch\u00e9 et num\u00e9rique La personnalisation comprend l\u2019ajout de votre nom et du titre de votre roman. L\u2019ajout d\u2019un logo et\/ou d\u2019une phrase d\u2019accroche est \u00e9galement [&hellip;]\" \/>\n<meta property=\"og:url\" content=\"https:\/\/jonathan-lhuillier.fr\/graphiste\/services\/couvertures-preconcues\/\" \/>\n<meta property=\"og:site_name\" content=\"Jonathan Lhuillier\" \/>\n<meta property=\"article:publisher\" content=\"https:\/\/jonathan-lhuillier-graphiste.fr\/facebook\" \/>\n<meta property=\"article:modified_time\" content=\"2024-01-19T15:00:47+00:00\" \/>\n<meta property=\"og:image\" content=\"https:\/\/jonathan-lhuillier.fr\/graphiste\/wp-content\/uploads\/Premades-large-scaled.jpg\" \/>\n\t<meta property=\"og:image:width\" content=\"2560\" \/>\n\t<meta property=\"og:image:height\" content=\"1440\" \/>\n\t<meta property=\"og:image:type\" content=\"image\/jpeg\" \/>\n<meta name=\"twitter:card\" content=\"summary_large_image\" \/>\n<meta name=\"twitter:site\" content=\"@JonaLhuillier\" \/>\n<meta name=\"twitter:label1\" content=\"Dur\u00e9e de lecture estim\u00e9e\" \/>\n\t<meta name=\"twitter:data1\" content=\"1 minute\" \/>\n<script type=\"application\/ld+json\" class=\"yoast-schema-graph\">{\"@context\":\"https:\\\/\\\/schema.org\",\"@graph\":[{\"@type\":\"WebPage\",\"@id\":\"https:\\\/\\\/jonathan-lhuillier.fr\\\/graphiste\\\/services\\\/couvertures-preconcues\\\/\",\"url\":\"https:\\\/\\\/jonathan-lhuillier.fr\\\/graphiste\\\/services\\\/couvertures-preconcues\\\/\",\"name\":\"Couvertures Pr\u00e9con\u00e7ues - Jonathan Lhuillier\",\"isPartOf\":{\"@id\":\"https:\\\/\\\/jonathan-lhuillier.fr\\\/graphiste\\\/#website\"},\"primaryImageOfPage\":{\"@id\":\"https:\\\/\\\/jonathan-lhuillier.fr\\\/graphiste\\\/services\\\/couvertures-preconcues\\\/#primaryimage\"},\"image\":{\"@id\":\"https:\\\/\\\/jonathan-lhuillier.fr\\\/graphiste\\\/services\\\/couvertures-preconcues\\\/#primaryimage\"},\"thumbnailUrl\":\"https:\\\/\\\/jonathan-lhuillier.fr\\\/graphiste\\\/wp-content\\\/uploads\\\/Premades-large-scaled.jpg\",\"datePublished\":\"2021-07-03T09:07:00+00:00\",\"dateModified\":\"2024-01-19T15:00:47+00:00\",\"breadcrumb\":{\"@id\":\"https:\\\/\\\/jonathan-lhuillier.fr\\\/graphiste\\\/services\\\/couvertures-preconcues\\\/#breadcrumb\"},\"inLanguage\":\"fr-FR\",\"potentialAction\":[{\"@type\":\"ReadAction\",\"target\":[\"https:\\\/\\\/jonathan-lhuillier.fr\\\/graphiste\\\/services\\\/couvertures-preconcues\\\/\"]}]},{\"@type\":\"ImageObject\",\"inLanguage\":\"fr-FR\",\"@id\":\"https:\\\/\\\/jonathan-lhuillier.fr\\\/graphiste\\\/services\\\/couvertures-preconcues\\\/#primaryimage\",\"url\":\"https:\\\/\\\/jonathan-lhuillier.fr\\\/graphiste\\\/wp-content\\\/uploads\\\/Premades-large-scaled.jpg\",\"contentUrl\":\"https:\\\/\\\/jonathan-lhuillier.fr\\\/graphiste\\\/wp-content\\\/uploads\\\/Premades-large-scaled.jpg\",\"width\":2560,\"height\":1440},{\"@type\":\"BreadcrumbList\",\"@id\":\"https:\\\/\\\/jonathan-lhuillier.fr\\\/graphiste\\\/services\\\/couvertures-preconcues\\\/#breadcrumb\",\"itemListElement\":[{\"@type\":\"ListItem\",\"position\":1,\"name\":\"Accueil\",\"item\":\"https:\\\/\\\/jonathan-lhuillier.fr\\\/graphiste\\\/\"},{\"@type\":\"ListItem\",\"position\":2,\"name\":\"Services\",\"item\":\"https:\\\/\\\/jonathan-lhuillier.fr\\\/graphiste\\\/services\\\/\"},{\"@type\":\"ListItem\",\"position\":3,\"name\":\"Couvertures Pr\u00e9con\u00e7ues\"}]},{\"@type\":\"WebSite\",\"@id\":\"https:\\\/\\\/jonathan-lhuillier.fr\\\/graphiste\\\/#website\",\"url\":\"https:\\\/\\\/jonathan-lhuillier.fr\\\/graphiste\\\/\",\"name\":\"Jonathan Lhuillier\",\"description\":\"Graphiste Ind\u00e9pendant\",\"publisher\":{\"@id\":\"https:\\\/\\\/jonathan-lhuillier.fr\\\/graphiste\\\/#\\\/schema\\\/person\\\/b5c3605f3204adcd524ec499e1cc33e2\"},\"potentialAction\":[{\"@type\":\"SearchAction\",\"target\":{\"@type\":\"EntryPoint\",\"urlTemplate\":\"https:\\\/\\\/jonathan-lhuillier.fr\\\/graphiste\\\/?s={search_term_string}\"},\"query-input\":{\"@type\":\"PropertyValueSpecification\",\"valueRequired\":true,\"valueName\":\"search_term_string\"}}],\"inLanguage\":\"fr-FR\"},{\"@type\":[\"Person\",\"Organization\"],\"@id\":\"https:\\\/\\\/jonathan-lhuillier.fr\\\/graphiste\\\/#\\\/schema\\\/person\\\/b5c3605f3204adcd524ec499e1cc33e2\",\"name\":\"Jonathan Lhuillier\",\"image\":{\"@type\":\"ImageObject\",\"inLanguage\":\"fr-FR\",\"@id\":\"https:\\\/\\\/jonathan-lhuillier.fr\\\/graphiste\\\/wp-content\\\/uploads\\\/Logo-Graphiste-Nouveau.png\",\"url\":\"https:\\\/\\\/jonathan-lhuillier.fr\\\/graphiste\\\/wp-content\\\/uploads\\\/Logo-Graphiste-Nouveau.png\",\"contentUrl\":\"https:\\\/\\\/jonathan-lhuillier.fr\\\/graphiste\\\/wp-content\\\/uploads\\\/Logo-Graphiste-Nouveau.png\",\"width\":1000,\"height\":1000,\"caption\":\"Jonathan Lhuillier\"},\"logo\":{\"@id\":\"https:\\\/\\\/jonathan-lhuillier.fr\\\/graphiste\\\/wp-content\\\/uploads\\\/Logo-Graphiste-Nouveau.png\"},\"sameAs\":[\"https:\\\/\\\/jonathan-lhuillier.fr\\\/\",\"https:\\\/\\\/jonathan-lhuillier-graphiste.fr\\\/facebook\",\"https:\\\/\\\/www.instagram.com\\\/jonalhuillier\",\"https:\\\/\\\/x.com\\\/JonaLhuillier\"]}]}<\/script>\n<!-- \/ Yoast SEO plugin. -->","yoast_head_json":{"title":"Couvertures Pr\u00e9con\u00e7ues - Jonathan Lhuillier","robots":{"index":"index","follow":"follow","max-snippet":"max-snippet:-1","max-image-preview":"max-image-preview:large","max-video-preview":"max-video-preview:-1"},"canonical":"https:\/\/jonathan-lhuillier.fr\/graphiste\/services\/couvertures-preconcues\/","og_locale":"fr_FR","og_type":"article","og_title":"Couvertures Pr\u00e9con\u00e7ues - Jonathan Lhuillier","og_description":"Couvertures Pr\u00e9con\u00e7ues Voici une s\u00e9lection de couvertures pr\u00e9con\u00e7ues et que vous pouvez acheter et utiliser pour votre propre projet. Elles sont toutes au prix mini de 80\u20ac, incluant la version broch\u00e9 et num\u00e9rique La personnalisation comprend l\u2019ajout de votre nom et du titre de votre roman. L\u2019ajout d\u2019un logo et\/ou d\u2019une phrase d\u2019accroche est \u00e9galement [&hellip;]","og_url":"https:\/\/jonathan-lhuillier.fr\/graphiste\/services\/couvertures-preconcues\/","og_site_name":"Jonathan Lhuillier","article_publisher":"https:\/\/jonathan-lhuillier-graphiste.fr\/facebook","article_modified_time":"2024-01-19T15:00:47+00:00","og_image":[{"width":2560,"height":1440,"url":"https:\/\/jonathan-lhuillier.fr\/graphiste\/wp-content\/uploads\/Premades-large-scaled.jpg","type":"image\/jpeg"}],"twitter_card":"summary_large_image","twitter_site":"@JonaLhuillier","twitter_misc":{"Dur\u00e9e de lecture estim\u00e9e":"1 minute"},"schema":{"@context":"https:\/\/schema.org","@graph":[{"@type":"WebPage","@id":"https:\/\/jonathan-lhuillier.fr\/graphiste\/services\/couvertures-preconcues\/","url":"https:\/\/jonathan-lhuillier.fr\/graphiste\/services\/couvertures-preconcues\/","name":"Couvertures Pr\u00e9con\u00e7ues - Jonathan Lhuillier","isPartOf":{"@id":"https:\/\/jonathan-lhuillier.fr\/graphiste\/#website"},"primaryImageOfPage":{"@id":"https:\/\/jonathan-lhuillier.fr\/graphiste\/services\/couvertures-preconcues\/#primaryimage"},"image":{"@id":"https:\/\/jonathan-lhuillier.fr\/graphiste\/services\/couvertures-preconcues\/#primaryimage"},"thumbnailUrl":"https:\/\/jonathan-lhuillier.fr\/graphiste\/wp-content\/uploads\/Premades-large-scaled.jpg","datePublished":"2021-07-03T09:07:00+00:00","dateModified":"2024-01-19T15:00:47+00:00","breadcrumb":{"@id":"https:\/\/jonathan-lhuillier.fr\/graphiste\/services\/couvertures-preconcues\/#breadcrumb"},"inLanguage":"fr-FR","potentialAction":[{"@type":"ReadAction","target":["https:\/\/jonathan-lhuillier.fr\/graphiste\/services\/couvertures-preconcues\/"]}]},{"@type":"ImageObject","inLanguage":"fr-FR","@id":"https:\/\/jonathan-lhuillier.fr\/graphiste\/services\/couvertures-preconcues\/#primaryimage","url":"https:\/\/jonathan-lhuillier.fr\/graphiste\/wp-content\/uploads\/Premades-large-scaled.jpg","contentUrl":"https:\/\/jonathan-lhuillier.fr\/graphiste\/wp-content\/uploads\/Premades-large-scaled.jpg","width":2560,"height":1440},{"@type":"BreadcrumbList","@id":"https:\/\/jonathan-lhuillier.fr\/graphiste\/services\/couvertures-preconcues\/#breadcrumb","itemListElement":[{"@type":"ListItem","position":1,"name":"Accueil","item":"https:\/\/jonathan-lhuillier.fr\/graphiste\/"},{"@type":"ListItem","position":2,"name":"Services","item":"https:\/\/jonathan-lhuillier.fr\/graphiste\/services\/"},{"@type":"ListItem","position":3,"name":"Couvertures Pr\u00e9con\u00e7ues"}]},{"@type":"WebSite","@id":"https:\/\/jonathan-lhuillier.fr\/graphiste\/#website","url":"https:\/\/jonathan-lhuillier.fr\/graphiste\/","name":"Jonathan Lhuillier","description":"Graphiste Ind\u00e9pendant","publisher":{"@id":"https:\/\/jonathan-lhuillier.fr\/graphiste\/#\/schema\/person\/b5c3605f3204adcd524ec499e1cc33e2"},"potentialAction":[{"@type":"SearchAction","target":{"@type":"EntryPoint","urlTemplate":"https:\/\/jonathan-lhuillier.fr\/graphiste\/?s={search_term_string}"},"query-input":{"@type":"PropertyValueSpecification","valueRequired":true,"valueName":"search_term_string"}}],"inLanguage":"fr-FR"},{"@type":["Person","Organization"],"@id":"https:\/\/jonathan-lhuillier.fr\/graphiste\/#\/schema\/person\/b5c3605f3204adcd524ec499e1cc33e2","name":"Jonathan Lhuillier","image":{"@type":"ImageObject","inLanguage":"fr-FR","@id":"https:\/\/jonathan-lhuillier.fr\/graphiste\/wp-content\/uploads\/Logo-Graphiste-Nouveau.png","url":"https:\/\/jonathan-lhuillier.fr\/graphiste\/wp-content\/uploads\/Logo-Graphiste-Nouveau.png","contentUrl":"https:\/\/jonathan-lhuillier.fr\/graphiste\/wp-content\/uploads\/Logo-Graphiste-Nouveau.png","width":1000,"height":1000,"caption":"Jonathan Lhuillier"},"logo":{"@id":"https:\/\/jonathan-lhuillier.fr\/graphiste\/wp-content\/uploads\/Logo-Graphiste-Nouveau.png"},"sameAs":["https:\/\/jonathan-lhuillier.fr\/","https:\/\/jonathan-lhuillier-graphiste.fr\/facebook","https:\/\/www.instagram.com\/jonalhuillier","https:\/\/x.com\/JonaLhuillier"]}]}},"_links":{"self":[{"href":"https:\/\/jonathan-lhuillier.fr\/graphiste\/wp-json\/wp\/v2\/pages\/1022","targetHints":{"allow":["GET"]}}],"collection":[{"href":"https:\/\/jonathan-lhuillier.fr\/graphiste\/wp-json\/wp\/v2\/pages"}],"about":[{"href":"https:\/\/jonathan-lhuillier.fr\/graphiste\/wp-json\/wp\/v2\/types\/page"}],"author":[{"embeddable":true,"href":"https:\/\/jonathan-lhuillier.fr\/graphiste\/wp-json\/wp\/v2\/users\/2"}],"replies":[{"embeddable":true,"href":"https:\/\/jonathan-lhuillier.fr\/graphiste\/wp-json\/wp\/v2\/comments?post=1022"}],"version-history":[{"count":19,"href":"https:\/\/jonathan-lhuillier.fr\/graphiste\/wp-json\/wp\/v2\/pages\/1022\/revisions"}],"predecessor-version":[{"id":3541,"href":"https:\/\/jonathan-lhuillier.fr\/graphiste\/wp-json\/wp\/v2\/pages\/1022\/revisions\/3541"}],"up":[{"embeddable":true,"href":"https:\/\/jonathan-lhuillier.fr\/graphiste\/wp-json\/wp\/v2\/pages\/2597"}],"wp:featuredmedia":[{"embeddable":true,"href":"https:\/\/jonathan-lhuillier.fr\/graphiste\/wp-json\/wp\/v2\/media\/3376"}],"wp:attachment":[{"href":"https:\/\/jonathan-lhuillier.fr\/graphiste\/wp-json\/wp\/v2\/media?parent=1022"}],"curies":[{"name":"wp","href":"https:\/\/api.w.org\/{rel}","templated":true}]}}